{"id":1372,"date":"2025-01-29T09:07:56","date_gmt":"2025-01-29T09:07:56","guid":{"rendered":"https:\/\/cavidal.cat\/?page_id=1372"},"modified":"2025-02-18T09:05:23","modified_gmt":"2025-02-18T09:05:23","slug":"politica-de-cancelacion","status":"publish","type":"page","link":"https:\/\/cavidal.cat\/es\/politica-de-cancelacion\/","title":{"rendered":"POL\u00cdTICA DE CANCELACI\u00d3N"},"content":{"rendered":"\n<p>Pol\u00edtica de Reembolsos<\/p>\n\n\n\n<p>Esta pol\u00edtica de reembolsos establece las condiciones y t\u00e9rminos para solicitar reembolsos en nuestro sitio web. El t\u00e9rmino \u00abnosotros\u00bb o \u00abel Titular\u00bb se refiere al propietario del sitio web.<\/p>\n\n\n\n<p>1. Condiciones para Reservas [1-8 Personas]:<\/p>\n\n\n\n<p>Podr\u00e1 cancelar o modificar la fecha de su reserva sin cargo alguno hasta 24 horas antes de la reserva. Para cambiar el n\u00famero de comensales, deber\u00e1 cancelar su reserva y hacer una nueva o dirigirse a trav\u00e9s del bot\u00f3n \u00bfHablamos? En el email que lleg\u00f3 de confirmaci\u00f3n de reserva, no se podr\u00e1 hacer por otras v\u00edas.<\/p>\n\n\n\n<p>Si se cancela la reserva con menos de 24 horas de antelaci\u00f3n se aplicar\u00e1 una penalizaci\u00f3n de 20\u20ac por persona, se penalizar\u00e1 tambi\u00e9n si son menos de lo comensales que indicaron y no se aviso dentro del plazo.<\/p>\n\n\n\n<p>Cambios sujetos a la disponibilidad del restaurante. Para cambiar el n\u00famero de comensales, deber\u00e1 cancelar su reserva y hacer una nueva.<\/p>\n\n\n\n<p>La no asistencia o llegada con m\u00e1s de 15 minutos de retraso sin previo aviso se considerar\u00e1 una cancelaci\u00f3n fuera del plazo establecido, perdiendo la reserva y aplicando una penalizaci\u00f3n de 20\u20ac por persona.<\/p>\n\n\n\n<p>2. Condiciones para Grupos [M\u00e1s de 8 Personas]:<\/p>\n\n\n\n<p>Podr\u00e1 cancelar o modificar la fecha de su reserva sin cargo alguno hasta 48 horas antes de la reserva. Para cambiar el n\u00famero de comensales, deber\u00e1 cancelar su reserva y hacer una nueva o dirigirse a trav\u00e9s del bot\u00f3n \u00bfHablamos? En el email que lleg\u00f3 de confirmaci\u00f3n de reserva, no se podr\u00e1 hacer por otras v\u00edas.<\/p>\n\n\n\n<p>Una vez superado este plazo, no ser\u00e1 posible realizar cambios y se cobrar\u00e1 la penalizaci\u00f3n de 20\u20ac. Cambios sujetos a la disponibilidad del restaurante. Para cambiar el n\u00famero de comensales, deber\u00e1 cancelar su reserva y hacer una nueva.<\/p>\n\n\n\n<p>La no asistencia o llegada con m\u00e1s de 15 minutos de retraso sin previo aviso se considerar\u00e1 una cancelaci\u00f3n fuera del plazo establecido, perdiendo la reserva y aplicando una penalizaci\u00f3n del total del dinero pagado en el caso de eventos con pago previo.<\/p>\n\n\n\n<p>3. Condiciones para Cancelaci\u00f3n de Eventos y Reservas con Dep\u00f3sitos:<\/p>\n\n\n\n<p>Podr\u00e1 cancelar o modificar la fecha de su reserva sin cargo alguno hasta 48 horas antes de la reserva.<\/p>\n\n\n\n<p>Una vez superado este plazo, no ser\u00e1 posible realizar cambios.<\/p>\n\n\n\n<p>Cambios sujetos a la disponibilidad del restaurante. Para cambiar el n\u00famero de comensales, deber\u00e1 cancelar su reserva y hacer una nueva.<\/p>\n\n\n\n<p>La no asistencia o llegada con m\u00e1s de 15 minutos de retraso sin previo aviso se considerar\u00e1 una cancelaci\u00f3n fuera del plazo establecido, perdiendo la reserva y aplicando una penalizaci\u00f3n del total del dinero pagado en el caso de eventos con pago previo.<\/p>\n\n\n\n<p>5. Validez de Cheques Regalo:<\/p>\n\n\n\n<p>La validez de los cheques regalo es de 6 meses a partir de la fecha de compra.<\/p>\n\n\n\n<p>Si se presenta o cancela la reserva con menos de 12 horas de antelaci\u00f3n, el vale regalo se considerar\u00e1 consumido.<\/p>\n\n\n\n<p>6. Cambios y Anulaciones de Compras:<\/p>\n\n\n\n<p>Para cualquier cambio o anulaci\u00f3n de la compra, dispone de 7 d\u00edas naturales a partir de la finalizaci\u00f3n de la compra para solicitar el reembolso.<\/p>\n\n\n\n<p>Nos reservamos el derecho de modificar esta pol\u00edtica de reembolsos para adaptarla a cambios legislativos o pr\u00e1cticas de la industria. Se recomienda revisar peri\u00f3dicamente esta p\u00e1gina para estar al tanto de las actualizaciones.<\/p>\n\n\n\n<p>7. S\u00f3lo est\u00e1 permitida la venta a mayores de edad.<\/p>\n\n\n\n<p><br>8. El comercio es responsable y conoce la legislaci\u00f3n vigente de los pa\u00edses a los que env\u00eda los productos o realiza los servicios.<\/p>\n\n\n\n<p><br>9. El titular de la tarjeta&nbsp;tiene conocimiento y acepta las condiciones establecidas por el comercio.<\/p>\n","protected":false},"excerpt":{"rendered":"<p>Pol\u00edtica de Reembolsos Esta pol\u00edtica de reembolsos establece las condiciones y t\u00e9rminos para solicitar reembolsos en nuestro sitio web. El t\u00e9rmino \u00abnosotros\u00bb o \u00abel Titular\u00bb se refiere al propietario del sitio web. 1. Condiciones para Reservas [1-8 Personas]: Podr\u00e1 cancelar o modificar la fecha de su reserva sin cargo alguno hasta 24 horas antes de [&hellip;]<\/p>\n","protected":false},"author":1,"featured_media":0,"parent":0,"menu_order":0,"comment_status":"closed","ping_status":"closed","template":"","meta":{"site-sidebar-layout":"default","site-content-layout":"","ast-site-content-layout":"default","site-content-style":"default","site-sidebar-style":"default","ast-global-header-display":"","ast-banner-title-visibility":"","ast-main-header-display":"","ast-hfb-above-header-display":"","ast-hfb-below-header-display":"","ast-hfb-mobile-header-display":"","site-post-title":"","ast-breadcrumbs-content":"","ast-featured-img":"","footer-sml-layout":"","ast-disable-related-posts":"","theme-transparent-header-meta":"","adv-header-id-meta":"","stick-header-meta":"","header-above-stick-meta":"","header-main-stick-meta":"","header-below-stick-meta":"","astra-migrate-meta-layouts":"default","ast-page-background-enabled":"default","ast-page-background-meta":{"desktop":{"background-color":"var(--ast-global-color-4)","background-image":"","background-repeat":"repeat","background-position":"center center","background-size":"auto","background-attachment":"scroll","background-type":"","background-media":"","overlay-type":"","overlay-color":"","overlay-opacity":"","overlay-gradient":""},"tablet":{"background-color":"","background-image":"","background-repeat":"repeat","background-position":"center center","background-size":"auto","background-attachment":"scroll","background-type":"","background-media":"","overlay-type":"","overlay-color":"","overlay-opacity":"","overlay-gradient":""},"mobile":{"background-color":"","background-image":"","background-repeat":"repeat","background-position":"center center","background-size":"auto","background-attachment":"scroll","background-type":"","background-media":"","overlay-type":"","overlay-color":"","overlay-opacity":"","overlay-gradient":""}},"ast-content-background-meta":{"desktop":{"background-color":"var(--ast-global-color-5)","background-image":"","background-repeat":"repeat","background-position":"center center","background-size":"auto","background-attachment":"scroll","background-type":"","background-media":"","overlay-type":"","overlay-color":"","overlay-opacity":"","overlay-gradient":""},"tablet":{"background-color":"var(--ast-global-color-5)","background-image":"","background-repeat":"repeat","background-position":"center center","background-size":"auto","background-attachment":"scroll","background-type":"","background-media":"","overlay-type":"","overlay-color":"","overlay-opacity":"","overlay-gradient":""},"mobile":{"background-color":"var(--ast-global-color-5)","background-image":"","background-repeat":"repeat","background-position":"center center","background-size":"auto","background-attachment":"scroll","background-type":"","background-media":"","overlay-type":"","overlay-color":"","overlay-opacity":"","overlay-gradient":""}},"footnotes":""},"class_list":["post-1372","page","type-page","status-publish","hentry"],"yoast_head":"<!-- This site is optimized with the Yoast SEO plugin v27.5 - https:\/\/yoast.com\/product\/yoast-seo-wordpress\/ -->\n<title>POL\u00cdTICA DE CANCELACI\u00d3N - Ca Vidal<\/title>\n<meta name=\"robots\" content=\"index, follow, max-snippet:-1, max-image-preview:large, max-video-preview:-1\" \/>\n<link rel=\"canonical\" href=\"https:\/\/cavidal.cat\/es\/politica-de-cancelacion\/\" \/>\n<meta property=\"og:locale\" content=\"es_ES\" \/>\n<meta property=\"og:type\" content=\"article\" \/>\n<meta property=\"og:title\" content=\"POL\u00cdTICA DE CANCELACI\u00d3N - Ca Vidal\" \/>\n<meta property=\"og:description\" content=\"Pol\u00edtica de Reembolsos Esta pol\u00edtica de reembolsos establece las condiciones y t\u00e9rminos para solicitar reembolsos en nuestro sitio web. El t\u00e9rmino \u00abnosotros\u00bb o \u00abel Titular\u00bb se refiere al propietario del sitio web. 1. Condiciones para Reservas [1-8 Personas]: Podr\u00e1 cancelar o modificar la fecha de su reserva sin cargo alguno hasta 24 horas antes de [&hellip;]\" \/>\n<meta property=\"og:url\" content=\"https:\/\/cavidal.cat\/es\/politica-de-cancelacion\/\" \/>\n<meta property=\"og:site_name\" content=\"Ca Vidal\" \/>\n<meta property=\"article:publisher\" content=\"https:\/\/www.facebook.com\/restaurantcavidal\" \/>\n<meta property=\"article:modified_time\" content=\"2025-02-18T09:05:23+00:00\" \/>\n<meta property=\"og:image\" content=\"https:\/\/cavidal.cat\/wp-content\/uploads\/2020\/06\/logo1-original.jpg\" \/>\n\t<meta property=\"og:image:width\" content=\"1000\" \/>\n\t<meta property=\"og:image:height\" content=\"329\" \/>\n\t<meta property=\"og:image:type\" content=\"image\/jpeg\" \/>\n<meta name=\"twitter:card\" content=\"summary_large_image\" \/>\n<meta name=\"twitter:label1\" content=\"Tiempo de lectura\" \/>\n\t<meta name=\"twitter:data1\" content=\"3 minutos\" \/>\n<script type=\"application\/ld+json\" class=\"yoast-schema-graph\">{\"@context\":\"https:\\\/\\\/schema.org\",\"@graph\":[{\"@type\":\"WebPage\",\"@id\":\"https:\\\/\\\/cavidal.cat\\\/es\\\/politica-de-cancelacion\\\/\",\"url\":\"https:\\\/\\\/cavidal.cat\\\/es\\\/politica-de-cancelacion\\\/\",\"name\":\"POL\u00cdTICA DE CANCELACI\u00d3N - Ca Vidal\",\"isPartOf\":{\"@id\":\"https:\\\/\\\/cavidal.cat\\\/es\\\/#website\"},\"datePublished\":\"2025-01-29T09:07:56+00:00\",\"dateModified\":\"2025-02-18T09:05:23+00:00\",\"breadcrumb\":{\"@id\":\"https:\\\/\\\/cavidal.cat\\\/es\\\/politica-de-cancelacion\\\/#breadcrumb\"},\"inLanguage\":\"es\",\"potentialAction\":[{\"@type\":\"ReadAction\",\"target\":[\"https:\\\/\\\/cavidal.cat\\\/es\\\/politica-de-cancelacion\\\/\"]}]},{\"@type\":\"BreadcrumbList\",\"@id\":\"https:\\\/\\\/cavidal.cat\\\/es\\\/politica-de-cancelacion\\\/#breadcrumb\",\"itemListElement\":[{\"@type\":\"ListItem\",\"position\":1,\"name\":\"Portada\",\"item\":\"https:\\\/\\\/cavidal.cat\\\/es\\\/\"},{\"@type\":\"ListItem\",\"position\":2,\"name\":\"POL\u00cdTICA DE CANCELACI\u00d3N\"}]},{\"@type\":\"WebSite\",\"@id\":\"https:\\\/\\\/cavidal.cat\\\/es\\\/#website\",\"url\":\"https:\\\/\\\/cavidal.cat\\\/es\\\/\",\"name\":\"Ca Vidal\",\"description\":\"Restaurant Ca Vidal a Perafort, Tarragona: gaudeix de la millor cuina mediterr\u00e0nia i catalana en una masia hist\u00f2rica de 1777. Especialistes en cal\u00e7otades tradicionals, dinars de grup i celebracions, oferim una experi\u00e8ncia gastron\u00f2mica aut\u00e8ntica al cor del Camp de Tarragona. El lloc ideal per viure una cal\u00e7otada o organitzar esdeveniments en un entorn rural amb encant, a pocs minuts de Tarragona ciutat.\",\"publisher\":{\"@id\":\"https:\\\/\\\/cavidal.cat\\\/es\\\/#organization\"},\"potentialAction\":[{\"@type\":\"SearchAction\",\"target\":{\"@type\":\"EntryPoint\",\"urlTemplate\":\"https:\\\/\\\/cavidal.cat\\\/es\\\/?s={search_term_string}\"},\"query-input\":{\"@type\":\"PropertyValueSpecification\",\"valueRequired\":true,\"valueName\":\"search_term_string\"}}],\"inLanguage\":\"es\"},{\"@type\":\"Organization\",\"@id\":\"https:\\\/\\\/cavidal.cat\\\/es\\\/#organization\",\"name\":\"Ca Vidal\",\"url\":\"https:\\\/\\\/cavidal.cat\\\/es\\\/\",\"logo\":{\"@type\":\"ImageObject\",\"inLanguage\":\"es\",\"@id\":\"https:\\\/\\\/cavidal.cat\\\/es\\\/#\\\/schema\\\/logo\\\/image\\\/\",\"url\":\"https:\\\/\\\/cavidal.cat\\\/wp-content\\\/uploads\\\/2023\\\/08\\\/logo1-original.png\",\"contentUrl\":\"https:\\\/\\\/cavidal.cat\\\/wp-content\\\/uploads\\\/2023\\\/08\\\/logo1-original.png\",\"width\":1000,\"height\":329,\"caption\":\"Ca Vidal\"},\"image\":{\"@id\":\"https:\\\/\\\/cavidal.cat\\\/es\\\/#\\\/schema\\\/logo\\\/image\\\/\"},\"sameAs\":[\"https:\\\/\\\/www.facebook.com\\\/restaurantcavidal\",\"https:\\\/\\\/www.instagram.com\\\/restaurantcavidal\"]}]}<\/script>\n<!-- \/ Yoast SEO plugin. -->","yoast_head_json":{"title":"POL\u00cdTICA DE CANCELACI\u00d3N - Ca Vidal","robots":{"index":"index","follow":"follow","max-snippet":"max-snippet:-1","max-image-preview":"max-image-preview:large","max-video-preview":"max-video-preview:-1"},"canonical":"https:\/\/cavidal.cat\/es\/politica-de-cancelacion\/","og_locale":"es_ES","og_type":"article","og_title":"POL\u00cdTICA DE CANCELACI\u00d3N - Ca Vidal","og_description":"Pol\u00edtica de Reembolsos Esta pol\u00edtica de reembolsos establece las condiciones y t\u00e9rminos para solicitar reembolsos en nuestro sitio web. El t\u00e9rmino \u00abnosotros\u00bb o \u00abel Titular\u00bb se refiere al propietario del sitio web. 1. Condiciones para Reservas [1-8 Personas]: Podr\u00e1 cancelar o modificar la fecha de su reserva sin cargo alguno hasta 24 horas antes de [&hellip;]","og_url":"https:\/\/cavidal.cat\/es\/politica-de-cancelacion\/","og_site_name":"Ca Vidal","article_publisher":"https:\/\/www.facebook.com\/restaurantcavidal","article_modified_time":"2025-02-18T09:05:23+00:00","og_image":[{"width":1000,"height":329,"url":"https:\/\/cavidal.cat\/wp-content\/uploads\/2020\/06\/logo1-original.jpg","type":"image\/jpeg"}],"twitter_card":"summary_large_image","twitter_misc":{"Tiempo de lectura":"3 minutos"},"schema":{"@context":"https:\/\/schema.org","@graph":[{"@type":"WebPage","@id":"https:\/\/cavidal.cat\/es\/politica-de-cancelacion\/","url":"https:\/\/cavidal.cat\/es\/politica-de-cancelacion\/","name":"POL\u00cdTICA DE CANCELACI\u00d3N - Ca Vidal","isPartOf":{"@id":"https:\/\/cavidal.cat\/es\/#website"},"datePublished":"2025-01-29T09:07:56+00:00","dateModified":"2025-02-18T09:05:23+00:00","breadcrumb":{"@id":"https:\/\/cavidal.cat\/es\/politica-de-cancelacion\/#breadcrumb"},"inLanguage":"es","potentialAction":[{"@type":"ReadAction","target":["https:\/\/cavidal.cat\/es\/politica-de-cancelacion\/"]}]},{"@type":"BreadcrumbList","@id":"https:\/\/cavidal.cat\/es\/politica-de-cancelacion\/#breadcrumb","itemListElement":[{"@type":"ListItem","position":1,"name":"Portada","item":"https:\/\/cavidal.cat\/es\/"},{"@type":"ListItem","position":2,"name":"POL\u00cdTICA DE CANCELACI\u00d3N"}]},{"@type":"WebSite","@id":"https:\/\/cavidal.cat\/es\/#website","url":"https:\/\/cavidal.cat\/es\/","name":"Ca Vidal","description":"Restaurant Ca Vidal a Perafort, Tarragona: gaudeix de la millor cuina mediterr\u00e0nia i catalana en una masia hist\u00f2rica de 1777. Especialistes en cal\u00e7otades tradicionals, dinars de grup i celebracions, oferim una experi\u00e8ncia gastron\u00f2mica aut\u00e8ntica al cor del Camp de Tarragona. El lloc ideal per viure una cal\u00e7otada o organitzar esdeveniments en un entorn rural amb encant, a pocs minuts de Tarragona ciutat.","publisher":{"@id":"https:\/\/cavidal.cat\/es\/#organization"},"potentialAction":[{"@type":"SearchAction","target":{"@type":"EntryPoint","urlTemplate":"https:\/\/cavidal.cat\/es\/?s={search_term_string}"},"query-input":{"@type":"PropertyValueSpecification","valueRequired":true,"valueName":"search_term_string"}}],"inLanguage":"es"},{"@type":"Organization","@id":"https:\/\/cavidal.cat\/es\/#organization","name":"Ca Vidal","url":"https:\/\/cavidal.cat\/es\/","logo":{"@type":"ImageObject","inLanguage":"es","@id":"https:\/\/cavidal.cat\/es\/#\/schema\/logo\/image\/","url":"https:\/\/cavidal.cat\/wp-content\/uploads\/2023\/08\/logo1-original.png","contentUrl":"https:\/\/cavidal.cat\/wp-content\/uploads\/2023\/08\/logo1-original.png","width":1000,"height":329,"caption":"Ca Vidal"},"image":{"@id":"https:\/\/cavidal.cat\/es\/#\/schema\/logo\/image\/"},"sameAs":["https:\/\/www.facebook.com\/restaurantcavidal","https:\/\/www.instagram.com\/restaurantcavidal"]}]}},"_links":{"self":[{"href":"https:\/\/cavidal.cat\/es\/wp-json\/wp\/v2\/pages\/1372","targetHints":{"allow":["GET"]}}],"collection":[{"href":"https:\/\/cavidal.cat\/es\/wp-json\/wp\/v2\/pages"}],"about":[{"href":"https:\/\/cavidal.cat\/es\/wp-json\/wp\/v2\/types\/page"}],"author":[{"embeddable":true,"href":"https:\/\/cavidal.cat\/es\/wp-json\/wp\/v2\/users\/1"}],"replies":[{"embeddable":true,"href":"https:\/\/cavidal.cat\/es\/wp-json\/wp\/v2\/comments?post=1372"}],"version-history":[{"count":2,"href":"https:\/\/cavidal.cat\/es\/wp-json\/wp\/v2\/pages\/1372\/revisions"}],"predecessor-version":[{"id":1396,"href":"https:\/\/cavidal.cat\/es\/wp-json\/wp\/v2\/pages\/1372\/revisions\/1396"}],"wp:attachment":[{"href":"https:\/\/cavidal.cat\/es\/wp-json\/wp\/v2\/media?parent=1372"}],"curies":[{"name":"wp","href":"https:\/\/api.w.org\/{rel}","templated":true}]}}