{"id":222,"date":"2020-05-12T13:24:48","date_gmt":"2020-05-12T13:24:48","guid":{"rendered":"https:\/\/agenciabrandon.com\/CAVIDAL\/?page_id=222"},"modified":"2026-02-21T05:26:56","modified_gmt":"2026-02-21T05:26:56","slug":"reserva-2","status":"publish","type":"page","link":"https:\/\/cavidal.cat\/es\/reserva-2\/","title":{"rendered":"RESERVAR"},"content":{"rendered":"\n<div class=\"wp-block-media-text alignfull is-stacked-on-mobile alignwide has-ast-global-color-5-background-color has-background\"><figure class=\"wp-block-media-text__media\"><img loading=\"lazy\" decoding=\"async\" width=\"683\" height=\"1024\" src=\"https:\/\/cavidal.cat\/wp-content\/uploads\/2025\/05\/Esmorzars-de-forquilla-rmarketingstudio-683x1024.png\" alt=\"\" class=\"wp-image-1439 size-full\" srcset=\"https:\/\/cavidal.cat\/wp-content\/uploads\/2025\/05\/Esmorzars-de-forquilla-rmarketingstudio-683x1024.png 683w, https:\/\/cavidal.cat\/wp-content\/uploads\/2025\/05\/Esmorzars-de-forquilla-rmarketingstudio-200x300.png 200w, https:\/\/cavidal.cat\/wp-content\/uploads\/2025\/05\/Esmorzars-de-forquilla-rmarketingstudio-768x1152.png 768w, https:\/\/cavidal.cat\/wp-content\/uploads\/2025\/05\/Esmorzars-de-forquilla-rmarketingstudio-1024x1536.png 1024w, https:\/\/cavidal.cat\/wp-content\/uploads\/2025\/05\/Esmorzars-de-forquilla-rmarketingstudio-1366x2048.png 1366w, https:\/\/cavidal.cat\/wp-content\/uploads\/2025\/05\/Esmorzars-de-forquilla-rmarketingstudio.png 400w\" sizes=\"auto, (max-width: 683px) 100vw, 683px\" \/><\/figure><div class=\"wp-block-media-text__content\">\n<h4 class=\"wp-block-heading has-text-align-center has-large-font-size\">HAGA LA RESERVA MEDIANTE EL SIGUIENTE FORMULARIO<\/h4>\n\n\n\n<figure class=\"wp-block-image aligncenter size-full is-resized\"><img loading=\"lazy\" decoding=\"async\" width=\"203\" height=\"44\" src=\"https:\/\/cavidal.cat\/wp-content\/uploads\/2026\/02\/arriba.png\" alt=\"\" class=\"wp-image-1638\" style=\"aspect-ratio:4.614420062695925;width:168px;height:auto\"\/><\/figure>\n\n\n<p class=\"has-text-align-center\">Reserve su mesa en Ca Vidal.<\/p>\n\n\n\n<iframe src=\"https:\/\/cavidal.bookingtable.cat\/widget\" id=\"bookingtable\" name=\"bookingtable\" width=\"100%\" scrolling=\"no\" frameborder=\"0\" style=\"width: 100%;\" loading=\"lazy\"><\/iframe>\n<script src=\"https:\/\/cavidal.bookingtable.cat\/plugins\/iframe-resizer-master\/js\/iframeResizer.min.js\"><\/script><script>iFrameResize({log:false});<\/script><\/div><\/div>\n\n<div class=\"wp-block-cover\"><span aria-hidden=\"true\" class=\"wp-block-cover__background has-ast-global-color-6-background-color has-background-dim-100 has-background-dim\"><\/span><div class=\"wp-block-cover__inner-container is-layout-constrained wp-block-cover-is-layout-constrained\">\n<p class=\"has-text-align-center has-ast-global-color-3-color has-text-color has-link-color has-large-font-size wp-elements-c56a2a87c02bc03a352501a45dde822f\">PARKING GRATUITO<\/p>\n\n\n\n<p class=\"has-text-align-center has-ast-global-color-3-color has-text-color has-link-color wp-elements-c32661e7ae50bd38a87513f224e53653\">Puede aparcar su veh\u00edculo de forma gratuita en la siguiente localizaci\u00f3n:<\/p>\n\n\n\n<div class=\"wp-block-buttons is-content-justification-center is-layout-flex wp-container-core-buttons-is-layout-a89b3969 wp-block-buttons-is-layout-flex\">\n<div class=\"wp-block-button\"><a class=\"wp-block-button__link wp-element-button\" href=\"https:\/\/www.google.com\/maps\/dir\/\/41.1903889,1.2573611\/@41.1909096,1.2564679,204m\/data=!3m1!1e3?entry=ttu&amp;g_ep=EgoyMDI1MDEyNi4wIKXMDSoASAFQAw%3D%3D\">C\u00d3MO LLEGAR<\/a><\/div>\n<\/div>\n\n\n\n<iframe src=\"https:\/\/www.google.com\/maps\/embed?pb=!1m17!1m12!1m3!1d955.8467760211329!2d1.2565671635213354!3d41.19093788209234!2m3!1f0!2f0!3f0!3m2!1i1024!2i768!4f13.1!3m2!1m1!2zNDHCsDExJzI1LjQiTiAxwrAxNScyNi41IkU!5e1!3m2!1ses!2ses!4v1738137983764!5m2!1ses!2ses\" width=\"100%\" height=\"450\" style=\"border:0;\" allowfullscreen=\"\" loading=\"lazy\" referrerpolicy=\"no-referrer-when-downgrade\"><\/iframe>\n<\/div><\/div>\n","protected":false},"excerpt":{"rendered":"","protected":false},"author":1,"featured_media":0,"parent":0,"menu_order":0,"comment_status":"closed","ping_status":"closed","template":"","meta":{"site-sidebar-layout":"default","site-content-layout":"","ast-site-content-layout":"default","site-content-style":"default","site-sidebar-style":"default","ast-global-header-display":"","ast-banner-title-visibility":"","ast-main-header-display":"","ast-hfb-above-header-display":"","ast-hfb-below-header-display":"","ast-hfb-mobile-header-display":"","site-post-title":"","ast-breadcrumbs-content":"","ast-featured-img":"","footer-sml-layout":"","ast-disable-related-posts":"","theme-transparent-header-meta":"","adv-header-id-meta":"","stick-header-meta":"","header-above-stick-meta":"","header-main-stick-meta":"","header-below-stick-meta":"","astra-migrate-meta-layouts":"default","ast-page-background-enabled":"default","ast-page-background-meta":{"desktop":{"background-color":"var(--ast-global-color-4)","background-image":"","background-repeat":"repeat","background-position":"center center","background-size":"auto","background-attachment":"scroll","background-type":"","background-media":"","overlay-type":"","overlay-color":"","overlay-opacity":"","overlay-gradient":""},"tablet":{"background-color":"","background-image":"","background-repeat":"repeat","background-position":"center center","background-size":"auto","background-attachment":"scroll","background-type":"","background-media":"","overlay-type":"","overlay-color":"","overlay-opacity":"","overlay-gradient":""},"mobile":{"background-color":"","background-image":"","background-repeat":"repeat","background-position":"center center","background-size":"auto","background-attachment":"scroll","background-type":"","background-media":"","overlay-type":"","overlay-color":"","overlay-opacity":"","overlay-gradient":""}},"ast-content-background-meta":{"desktop":{"background-color":"var(--ast-global-color-5)","background-image":"","background-repeat":"repeat","background-position":"center center","background-size":"auto","background-attachment":"scroll","background-type":"","background-media":"","overlay-type":"","overlay-color":"","overlay-opacity":"","overlay-gradient":""},"tablet":{"background-color":"var(--ast-global-color-5)","background-image":"","background-repeat":"repeat","background-position":"center center","background-size":"auto","background-attachment":"scroll","background-type":"","background-media":"","overlay-type":"","overlay-color":"","overlay-opacity":"","overlay-gradient":""},"mobile":{"background-color":"var(--ast-global-color-5)","background-image":"","background-repeat":"repeat","background-position":"center center","background-size":"auto","background-attachment":"scroll","background-type":"","background-media":"","overlay-type":"","overlay-color":"","overlay-opacity":"","overlay-gradient":""}},"footnotes":""},"class_list":["post-222","page","type-page","status-publish","hentry"],"yoast_head":"<!-- This site is optimized with the Yoast SEO plugin v27.5 - https:\/\/yoast.com\/product\/yoast-seo-wordpress\/ -->\n<title>RESERVAR - Ca Vidal<\/title>\n<meta name=\"robots\" content=\"index, follow, max-snippet:-1, max-image-preview:large, max-video-preview:-1\" \/>\n<link rel=\"canonical\" href=\"https:\/\/cavidal.cat\/es\/reserva-2\/\" \/>\n<meta property=\"og:locale\" content=\"es_ES\" \/>\n<meta property=\"og:type\" content=\"article\" \/>\n<meta property=\"og:title\" content=\"RESERVAR - Ca Vidal\" \/>\n<meta property=\"og:url\" content=\"https:\/\/cavidal.cat\/es\/reserva-2\/\" \/>\n<meta property=\"og:site_name\" content=\"Ca Vidal\" \/>\n<meta property=\"article:publisher\" content=\"https:\/\/www.facebook.com\/restaurantcavidal\" \/>\n<meta property=\"article:modified_time\" content=\"2026-02-21T05:26:56+00:00\" \/>\n<meta property=\"og:image\" content=\"https:\/\/cavidal.cat\/wp-content\/uploads\/2025\/05\/Esmorzars-de-forquilla-rmarketingstudio.png\" \/>\n\t<meta property=\"og:image:width\" content=\"400\" \/>\n\t<meta property=\"og:image:height\" content=\"600\" \/>\n\t<meta property=\"og:image:type\" content=\"image\/png\" \/>\n<meta name=\"twitter:card\" content=\"summary_large_image\" \/>\n<meta name=\"twitter:label1\" content=\"Tiempo de lectura\" \/>\n\t<meta name=\"twitter:data1\" content=\"1 minuto\" \/>\n<script type=\"application\/ld+json\" class=\"yoast-schema-graph\">{\"@context\":\"https:\\\/\\\/schema.org\",\"@graph\":[{\"@type\":\"WebPage\",\"@id\":\"https:\\\/\\\/cavidal.cat\\\/es\\\/reserva-2\\\/\",\"url\":\"https:\\\/\\\/cavidal.cat\\\/es\\\/reserva-2\\\/\",\"name\":\"RESERVAR - Ca Vidal\",\"isPartOf\":{\"@id\":\"https:\\\/\\\/cavidal.cat\\\/es\\\/#website\"},\"primaryImageOfPage\":{\"@id\":\"https:\\\/\\\/cavidal.cat\\\/es\\\/reserva-2\\\/#primaryimage\"},\"image\":{\"@id\":\"https:\\\/\\\/cavidal.cat\\\/es\\\/reserva-2\\\/#primaryimage\"},\"thumbnailUrl\":\"https:\\\/\\\/cavidal.cat\\\/wp-content\\\/uploads\\\/2025\\\/05\\\/Esmorzars-de-forquilla-rmarketingstudio-683x1024.png\",\"datePublished\":\"2020-05-12T13:24:48+00:00\",\"dateModified\":\"2026-02-21T05:26:56+00:00\",\"breadcrumb\":{\"@id\":\"https:\\\/\\\/cavidal.cat\\\/es\\\/reserva-2\\\/#breadcrumb\"},\"inLanguage\":\"es\",\"potentialAction\":[{\"@type\":\"ReadAction\",\"target\":[\"https:\\\/\\\/cavidal.cat\\\/es\\\/reserva-2\\\/\"]}]},{\"@type\":\"ImageObject\",\"inLanguage\":\"es\",\"@id\":\"https:\\\/\\\/cavidal.cat\\\/es\\\/reserva-2\\\/#primaryimage\",\"url\":\"https:\\\/\\\/cavidal.cat\\\/wp-content\\\/uploads\\\/2025\\\/05\\\/Esmorzars-de-forquilla-rmarketingstudio-683x1024.png\",\"contentUrl\":\"https:\\\/\\\/cavidal.cat\\\/wp-content\\\/uploads\\\/2025\\\/05\\\/Esmorzars-de-forquilla-rmarketingstudio-683x1024.png\"},{\"@type\":\"BreadcrumbList\",\"@id\":\"https:\\\/\\\/cavidal.cat\\\/es\\\/reserva-2\\\/#breadcrumb\",\"itemListElement\":[{\"@type\":\"ListItem\",\"position\":1,\"name\":\"Portada\",\"item\":\"https:\\\/\\\/cavidal.cat\\\/es\\\/\"},{\"@type\":\"ListItem\",\"position\":2,\"name\":\"RESERVAR\"}]},{\"@type\":\"WebSite\",\"@id\":\"https:\\\/\\\/cavidal.cat\\\/es\\\/#website\",\"url\":\"https:\\\/\\\/cavidal.cat\\\/es\\\/\",\"name\":\"Ca Vidal\",\"description\":\"Restaurant Ca Vidal a Perafort, Tarragona: gaudeix de la millor cuina mediterr\u00e0nia i catalana en una masia hist\u00f2rica de 1777. Especialistes en cal\u00e7otades tradicionals, dinars de grup i celebracions, oferim una experi\u00e8ncia gastron\u00f2mica aut\u00e8ntica al cor del Camp de Tarragona. El lloc ideal per viure una cal\u00e7otada o organitzar esdeveniments en un entorn rural amb encant, a pocs minuts de Tarragona ciutat.\",\"publisher\":{\"@id\":\"https:\\\/\\\/cavidal.cat\\\/es\\\/#organization\"},\"potentialAction\":[{\"@type\":\"SearchAction\",\"target\":{\"@type\":\"EntryPoint\",\"urlTemplate\":\"https:\\\/\\\/cavidal.cat\\\/es\\\/?s={search_term_string}\"},\"query-input\":{\"@type\":\"PropertyValueSpecification\",\"valueRequired\":true,\"valueName\":\"search_term_string\"}}],\"inLanguage\":\"es\"},{\"@type\":\"Organization\",\"@id\":\"https:\\\/\\\/cavidal.cat\\\/es\\\/#organization\",\"name\":\"Ca Vidal\",\"url\":\"https:\\\/\\\/cavidal.cat\\\/es\\\/\",\"logo\":{\"@type\":\"ImageObject\",\"inLanguage\":\"es\",\"@id\":\"https:\\\/\\\/cavidal.cat\\\/es\\\/#\\\/schema\\\/logo\\\/image\\\/\",\"url\":\"https:\\\/\\\/cavidal.cat\\\/wp-content\\\/uploads\\\/2023\\\/08\\\/logo1-original.png\",\"contentUrl\":\"https:\\\/\\\/cavidal.cat\\\/wp-content\\\/uploads\\\/2023\\\/08\\\/logo1-original.png\",\"width\":1000,\"height\":329,\"caption\":\"Ca Vidal\"},\"image\":{\"@id\":\"https:\\\/\\\/cavidal.cat\\\/es\\\/#\\\/schema\\\/logo\\\/image\\\/\"},\"sameAs\":[\"https:\\\/\\\/www.facebook.com\\\/restaurantcavidal\",\"https:\\\/\\\/www.instagram.com\\\/restaurantcavidal\"]}]}<\/script>\n<!-- \/ Yoast SEO plugin. -->","yoast_head_json":{"title":"RESERVAR - Ca Vidal","robots":{"index":"index","follow":"follow","max-snippet":"max-snippet:-1","max-image-preview":"max-image-preview:large","max-video-preview":"max-video-preview:-1"},"canonical":"https:\/\/cavidal.cat\/es\/reserva-2\/","og_locale":"es_ES","og_type":"article","og_title":"RESERVAR - Ca Vidal","og_url":"https:\/\/cavidal.cat\/es\/reserva-2\/","og_site_name":"Ca Vidal","article_publisher":"https:\/\/www.facebook.com\/restaurantcavidal","article_modified_time":"2026-02-21T05:26:56+00:00","og_image":[{"width":400,"height":600,"url":"https:\/\/cavidal.cat\/wp-content\/uploads\/2025\/05\/Esmorzars-de-forquilla-rmarketingstudio.png","type":"image\/png"}],"twitter_card":"summary_large_image","twitter_misc":{"Tiempo de lectura":"1 minuto"},"schema":{"@context":"https:\/\/schema.org","@graph":[{"@type":"WebPage","@id":"https:\/\/cavidal.cat\/es\/reserva-2\/","url":"https:\/\/cavidal.cat\/es\/reserva-2\/","name":"RESERVAR - Ca Vidal","isPartOf":{"@id":"https:\/\/cavidal.cat\/es\/#website"},"primaryImageOfPage":{"@id":"https:\/\/cavidal.cat\/es\/reserva-2\/#primaryimage"},"image":{"@id":"https:\/\/cavidal.cat\/es\/reserva-2\/#primaryimage"},"thumbnailUrl":"https:\/\/cavidal.cat\/wp-content\/uploads\/2025\/05\/Esmorzars-de-forquilla-rmarketingstudio-683x1024.png","datePublished":"2020-05-12T13:24:48+00:00","dateModified":"2026-02-21T05:26:56+00:00","breadcrumb":{"@id":"https:\/\/cavidal.cat\/es\/reserva-2\/#breadcrumb"},"inLanguage":"es","potentialAction":[{"@type":"ReadAction","target":["https:\/\/cavidal.cat\/es\/reserva-2\/"]}]},{"@type":"ImageObject","inLanguage":"es","@id":"https:\/\/cavidal.cat\/es\/reserva-2\/#primaryimage","url":"https:\/\/cavidal.cat\/wp-content\/uploads\/2025\/05\/Esmorzars-de-forquilla-rmarketingstudio-683x1024.png","contentUrl":"https:\/\/cavidal.cat\/wp-content\/uploads\/2025\/05\/Esmorzars-de-forquilla-rmarketingstudio-683x1024.png"},{"@type":"BreadcrumbList","@id":"https:\/\/cavidal.cat\/es\/reserva-2\/#breadcrumb","itemListElement":[{"@type":"ListItem","position":1,"name":"Portada","item":"https:\/\/cavidal.cat\/es\/"},{"@type":"ListItem","position":2,"name":"RESERVAR"}]},{"@type":"WebSite","@id":"https:\/\/cavidal.cat\/es\/#website","url":"https:\/\/cavidal.cat\/es\/","name":"Ca Vidal","description":"Restaurant Ca Vidal a Perafort, Tarragona: gaudeix de la millor cuina mediterr\u00e0nia i catalana en una masia hist\u00f2rica de 1777. Especialistes en cal\u00e7otades tradicionals, dinars de grup i celebracions, oferim una experi\u00e8ncia gastron\u00f2mica aut\u00e8ntica al cor del Camp de Tarragona. El lloc ideal per viure una cal\u00e7otada o organitzar esdeveniments en un entorn rural amb encant, a pocs minuts de Tarragona ciutat.","publisher":{"@id":"https:\/\/cavidal.cat\/es\/#organization"},"potentialAction":[{"@type":"SearchAction","target":{"@type":"EntryPoint","urlTemplate":"https:\/\/cavidal.cat\/es\/?s={search_term_string}"},"query-input":{"@type":"PropertyValueSpecification","valueRequired":true,"valueName":"search_term_string"}}],"inLanguage":"es"},{"@type":"Organization","@id":"https:\/\/cavidal.cat\/es\/#organization","name":"Ca Vidal","url":"https:\/\/cavidal.cat\/es\/","logo":{"@type":"ImageObject","inLanguage":"es","@id":"https:\/\/cavidal.cat\/es\/#\/schema\/logo\/image\/","url":"https:\/\/cavidal.cat\/wp-content\/uploads\/2023\/08\/logo1-original.png","contentUrl":"https:\/\/cavidal.cat\/wp-content\/uploads\/2023\/08\/logo1-original.png","width":1000,"height":329,"caption":"Ca Vidal"},"image":{"@id":"https:\/\/cavidal.cat\/es\/#\/schema\/logo\/image\/"},"sameAs":["https:\/\/www.facebook.com\/restaurantcavidal","https:\/\/www.instagram.com\/restaurantcavidal"]}]}},"_links":{"self":[{"href":"https:\/\/cavidal.cat\/es\/wp-json\/wp\/v2\/pages\/222","targetHints":{"allow":["GET"]}}],"collection":[{"href":"https:\/\/cavidal.cat\/es\/wp-json\/wp\/v2\/pages"}],"about":[{"href":"https:\/\/cavidal.cat\/es\/wp-json\/wp\/v2\/types\/page"}],"author":[{"embeddable":true,"href":"https:\/\/cavidal.cat\/es\/wp-json\/wp\/v2\/users\/1"}],"replies":[{"embeddable":true,"href":"https:\/\/cavidal.cat\/es\/wp-json\/wp\/v2\/comments?post=222"}],"version-history":[{"count":9,"href":"https:\/\/cavidal.cat\/es\/wp-json\/wp\/v2\/pages\/222\/revisions"}],"predecessor-version":[{"id":1723,"href":"https:\/\/cavidal.cat\/es\/wp-json\/wp\/v2\/pages\/222\/revisions\/1723"}],"wp:attachment":[{"href":"https:\/\/cavidal.cat\/es\/wp-json\/wp\/v2\/media?parent=222"}],"curies":[{"name":"wp","href":"https:\/\/api.w.org\/{rel}","templated":true}]}}