{"id":223,"date":"2020-05-12T13:24:19","date_gmt":"2020-05-12T13:24:19","guid":{"rendered":"https:\/\/agenciabrandon.com\/CAVIDAL\/?page_id=223"},"modified":"2026-02-21T05:27:24","modified_gmt":"2026-02-21T05:27:24","slug":"restaurante","status":"publish","type":"page","link":"https:\/\/cavidal.cat\/es\/restaurante\/","title":{"rendered":"RESTAURANTE"},"content":{"rendered":"\n<div class=\"wp-block-cover is-light\"><span aria-hidden=\"true\" class=\"wp-block-cover__background has-white-background-color has-background-dim-100 has-background-dim\"><\/span><div class=\"wp-block-cover__inner-container is-layout-constrained wp-block-cover-is-layout-constrained\">\n<figure class=\"wp-block-image aligncenter size-full is-resized wp-duotone-rgb16600-rgb16600-1\"><img loading=\"lazy\" decoding=\"async\" width=\"1000\" height=\"329\" src=\"https:\/\/cavidal.cat\/wp-content\/uploads\/2023\/08\/logo1-original.png\" alt=\"\" class=\"wp-image-1061\" style=\"aspect-ratio:3.039729881823298;width:372px;height:auto\" srcset=\"https:\/\/cavidal.cat\/wp-content\/uploads\/2023\/08\/logo1-original.png 1000w, https:\/\/cavidal.cat\/wp-content\/uploads\/2023\/08\/logo1-original-300x99.png 300w, https:\/\/cavidal.cat\/wp-content\/uploads\/2023\/08\/logo1-original-768x253.png 768w, https:\/\/cavidal.cat\/wp-content\/uploads\/2023\/08\/logo1-original-209x69.png 209w\" sizes=\"auto, (max-width: 1000px) 100vw, 1000px\" \/><\/figure>\n\n\n<h2 class=\"wp-block-heading has-text-align-center has-ast-global-color-2-color has-text-color has-link-color has-large-font-size wp-elements-81b6fe6abe05925f02ff297dc42fe687\">Bienvenidos a Ca Vidal<\/h2>\n\n\n\n<figure class=\"wp-block-image aligncenter size-full\"><img loading=\"lazy\" decoding=\"async\" width=\"203\" height=\"44\" src=\"https:\/\/cavidal.cat\/wp-content\/uploads\/2026\/02\/arriba.png\" alt=\"\" class=\"wp-image-1638\"\/><\/figure>\n\n\n<div class=\"wp-block-media-text is-stacked-on-mobile\"><figure class=\"wp-block-media-text__media\"><img loading=\"lazy\" decoding=\"async\" width=\"1024\" height=\"683\" src=\"https:\/\/cavidal.cat\/wp-content\/uploads\/2020\/06\/IMG_5802-1024x683.jpg\" alt=\"\" class=\"wp-image-434 size-full\" srcset=\"https:\/\/cavidal.cat\/wp-content\/uploads\/2020\/06\/IMG_5802-1024x683.jpg 1024w, https:\/\/cavidal.cat\/wp-content\/uploads\/2020\/06\/IMG_5802-300x200.jpg 300w, https:\/\/cavidal.cat\/wp-content\/uploads\/2020\/06\/IMG_5802-768x512.jpg 768w, https:\/\/cavidal.cat\/wp-content\/uploads\/2020\/06\/IMG_5802-1536x1024.jpg 1536w, https:\/\/cavidal.cat\/wp-content\/uploads\/2020\/06\/IMG_5802.jpg 900w\" sizes=\"auto, (max-width: 1024px) 100vw, 1024px\" \/><\/figure><div class=\"wp-block-media-text__content\">\n<p class=\"has-ast-global-color-1-color has-text-color has-link-color has-medium-font-size wp-elements-918495817f67efcbaed91c9c6fbb3583\">Se encuentran en la casa solariega, en la antigua mas\u00eda que fue construida en el a\u00f1o 1777, como indica la piedra del arco de la portalada que acaban de atravesar. Esta edificaci\u00f3n ha quedado incorporada a la calle Nou de Perafort y alguno de sus elementos primitivos ha desaparecido. No obstante, cabe mencionar todo aquello que hab\u00eda formado parte de ella. En la planta baja, su entrada empedrada; la espaciosa cocina con la chimenea y la cuadra para los animales.<br\/>En el primer piso, la gran sala de respeto y los dormitorios con alcoba. Y en lo m\u00e1s alto, la buhardilla. Dispon\u00eda de alambique de aguardiente, de prensa de aceite con las piedras del molino y la era de trillar y el pajar para guardar la paja.<br\/>Era una de las mas\u00edas que hab\u00eda dispersas, y que todav\u00eda existen, por estos alrededores.     <\/p>\n<\/div><\/div>\n\n\n\n<p>El actual t\u00e9rmino de Perafort se form\u00f3 en 1842 con la incorporaci\u00f3n del de Puigdelf\u00ed junto con los antiguos t\u00e9rminos de El Codony, Els Quarts y Les Franqueses. Seg\u00fan los expertos en toponimia, Perafort procede de \u201cpiedra dura\u201d y, de hecho, se puede comprobar c\u00f3mo las casas m\u00e1s antiguas del pueblo se han edificado sobre una franja de piedra de f\u00f3siles marinos del mioceno.<br\/>Su proximidad al r\u00edo Francol\u00ed y la feracidad de su suelo han favorecido el poblamiento desde los tiempos m\u00e1s remotos: se han encontrado talleres de s\u00edlex, hachas pulimentadas, cer\u00e1mica ib\u00e9rica, diversas villas romanas bien localizadas pero que todav\u00eda no se han estudiado, a pesar de que se ha encontrado mucha cer\u00e1mica y objetos diversos.<br\/>El \u00faltimo hallazgo han sido dos tumbas romanas muy importantes por su forma y tama\u00f1o y un pozo de la misma \u00e9poca. Estos restos se han puesto al descubierto a consecuencia de las excavaciones efectuadas junto al camino del Torrentet para la tra\u00edda de agua del Ebro.  <\/p>\n\n\n\n<p>Con la reconquista de este territorio tras la invasi\u00f3n de los \u00e1rabes aparece ya el nombre de Perafort, primero formando parte de la parroquia de El Codony y despu\u00e9s, con el abandono de aquel lugar, con la parroquia propia dedicada a San Pedro, el mismo titular que el de la de El Codony. El lugar de Perafort durante los siglos de la Edad Media estuvo bajo el dominio de diferentes se\u00f1ores feudales (Guillem de Claramunt, los Castellvell, Pon\u00e7 de Jorba, Arnau de Verd\u00fa, los Ribes&#8230;) y del arzobispo de Tarragona. <\/p>\n\n\n\n<p>El hecho de tener una parte del t\u00e9rmino municipal a la derecha del r\u00edo Francol\u00ed, un enclave en el t\u00e9rmino de La Pobla de Mafumet y la proximidad de la ciudad de Tarragona est\u00e1 favoreciendo el desarrollo del pueblo de Perafort industrial, comercial y de servicios.<\/p>\n\n\n\n<p class=\"has-text-align-center has-ast-global-color-1-color has-text-color has-link-color wp-elements-0ec43b7aa97163a80ba64b78ea55b541\" style=\"font-size:30px\"><em>Nos alegra mucho poder ofrecerles esta informaci\u00f3n del lugar en el que se encuentran y quedamos agradecidos por su visita; deseamos y esperamos que la acogida que les ofrecemos sea de su agrado.<\/em><\/p>\n<\/div><\/div>\n\n<figure class=\"wp-block-gallery has-nested-images columns-default is-cropped wp-block-gallery-2 is-layout-flex wp-block-gallery-is-layout-flex\">\n<figure class=\"wp-block-image size-large\"><img decoding=\"async\" data-id=\"18\" src=\"https:\/\/cavidal.cat\/wp-content\/uploads\/2020\/05\/calcots-calc&#x327;ots-comer-con-dedos-1024x683.jpg\" alt=\"\" class=\"wp-image-18\" loading=\"lazy\" \/><\/figure>\n\n\n<figure class=\"wp-block-image size-large\"><img loading=\"lazy\" decoding=\"async\" width=\"550\" height=\"412\" data-id=\"72\" src=\"https:\/\/cavidal.cat\/wp-content\/uploads\/2020\/05\/ca-vidal-1.jpg\" alt=\"\" class=\"wp-image-72\" srcset=\"https:\/\/cavidal.cat\/wp-content\/uploads\/2020\/05\/ca-vidal-1.jpg 550w, https:\/\/cavidal.cat\/wp-content\/uploads\/2020\/05\/ca-vidal-1-300x225.jpg 300w\" sizes=\"auto, (max-width: 550px) 100vw, 550px\" \/><\/figure>\n\n\n<figure class=\"wp-block-image size-large\"><img loading=\"lazy\" decoding=\"async\" width=\"550\" height=\"413\" data-id=\"73\" src=\"https:\/\/cavidal.cat\/wp-content\/uploads\/2020\/05\/salon.jpg\" alt=\"\" class=\"wp-image-73\" srcset=\"https:\/\/cavidal.cat\/wp-content\/uploads\/2020\/05\/salon.jpg 550w, https:\/\/cavidal.cat\/wp-content\/uploads\/2020\/05\/salon-300x225.jpg 300w\" sizes=\"auto, (max-width: 550px) 100vw, 550px\" \/><\/figure>\n\n\n<figure class=\"wp-block-image size-large\"><img loading=\"lazy\" decoding=\"async\" width=\"550\" height=\"410\" data-id=\"74\" src=\"https:\/\/cavidal.cat\/wp-content\/uploads\/2020\/05\/ca-vidal.jpg\" alt=\"\" class=\"wp-image-74\" srcset=\"https:\/\/cavidal.cat\/wp-content\/uploads\/2020\/05\/ca-vidal.jpg 550w, https:\/\/cavidal.cat\/wp-content\/uploads\/2020\/05\/ca-vidal-300x224.jpg 300w\" sizes=\"auto, (max-width: 550px) 100vw, 550px\" \/><\/figure>\n\n\n<figure class=\"wp-block-image size-large\"><img loading=\"lazy\" decoding=\"async\" width=\"659\" height=\"600\" data-id=\"75\" src=\"https:\/\/cavidal.cat\/wp-content\/uploads\/2020\/05\/81038932_10157835616833728_2816892904247656448_n.jpg\" alt=\"\" class=\"wp-image-75\" srcset=\"https:\/\/cavidal.cat\/wp-content\/uploads\/2020\/05\/81038932_10157835616833728_2816892904247656448_n.jpg 659w, https:\/\/cavidal.cat\/wp-content\/uploads\/2020\/05\/81038932_10157835616833728_2816892904247656448_n-300x273.jpg 300w\" sizes=\"auto, (max-width: 659px) 100vw, 659px\" \/><\/figure>\n\n\n<figure class=\"wp-block-image size-large\"><img loading=\"lazy\" decoding=\"async\" width=\"1024\" height=\"683\" data-id=\"43\" src=\"https:\/\/cavidal.cat\/wp-content\/uploads\/2020\/05\/96075991_10158244109403728_8685904446523179008_o-1024x683.jpg\" alt=\"\" class=\"wp-image-43\" srcset=\"https:\/\/cavidal.cat\/wp-content\/uploads\/2020\/05\/96075991_10158244109403728_8685904446523179008_o-1024x683.jpg 1024w, https:\/\/cavidal.cat\/wp-content\/uploads\/2020\/05\/96075991_10158244109403728_8685904446523179008_o-300x200.jpg 300w, https:\/\/cavidal.cat\/wp-content\/uploads\/2020\/05\/96075991_10158244109403728_8685904446523179008_o-768x512.jpg 768w, https:\/\/cavidal.cat\/wp-content\/uploads\/2020\/05\/96075991_10158244109403728_8685904446523179008_o.jpg 900w\" sizes=\"auto, (max-width: 1024px) 100vw, 1024px\" \/><\/figure><\/figure>\n","protected":false},"excerpt":{"rendered":"","protected":false},"author":1,"featured_media":0,"parent":0,"menu_order":0,"comment_status":"closed","ping_status":"closed","template":"","meta":{"site-sidebar-layout":"default","site-content-layout":"","ast-site-content-layout":"default","site-content-style":"default","site-sidebar-style":"default","ast-global-header-display":"","ast-banner-title-visibility":"","ast-main-header-display":"","ast-hfb-above-header-display":"","ast-hfb-below-header-display":"","ast-hfb-mobile-header-display":"","site-post-title":"","ast-breadcrumbs-content":"","ast-featured-img":"","footer-sml-layout":"","ast-disable-related-posts":"","theme-transparent-header-meta":"","adv-header-id-meta":"","stick-header-meta":"","header-above-stick-meta":"","header-main-stick-meta":"","header-below-stick-meta":"","astra-migrate-meta-layouts":"default","ast-page-background-enabled":"default","ast-page-background-meta":{"desktop":{"background-color":"var(--ast-global-color-4)","background-image":"","background-repeat":"repeat","background-position":"center center","background-size":"auto","background-attachment":"scroll","background-type":"","background-media":"","overlay-type":"","overlay-color":"","overlay-opacity":"","overlay-gradient":""},"tablet":{"background-color":"","background-image":"","background-repeat":"repeat","background-position":"center center","background-size":"auto","background-attachment":"scroll","background-type":"","background-media":"","overlay-type":"","overlay-color":"","overlay-opacity":"","overlay-gradient":""},"mobile":{"background-color":"","background-image":"","background-repeat":"repeat","background-position":"center center","background-size":"auto","background-attachment":"scroll","background-type":"","background-media":"","overlay-type":"","overlay-color":"","overlay-opacity":"","overlay-gradient":""}},"ast-content-background-meta":{"desktop":{"background-color":"var(--ast-global-color-5)","background-image":"","background-repeat":"repeat","background-position":"center center","background-size":"auto","background-attachment":"scroll","background-type":"","background-media":"","overlay-type":"","overlay-color":"","overlay-opacity":"","overlay-gradient":""},"tablet":{"background-color":"var(--ast-global-color-5)","background-image":"","background-repeat":"repeat","background-position":"center center","background-size":"auto","background-attachment":"scroll","background-type":"","background-media":"","overlay-type":"","overlay-color":"","overlay-opacity":"","overlay-gradient":""},"mobile":{"background-color":"var(--ast-global-color-5)","background-image":"","background-repeat":"repeat","background-position":"center center","background-size":"auto","background-attachment":"scroll","background-type":"","background-media":"","overlay-type":"","overlay-color":"","overlay-opacity":"","overlay-gradient":""}},"footnotes":""},"class_list":["post-223","page","type-page","status-publish","hentry"],"yoast_head":"<!-- This site is optimized with the Yoast SEO plugin v27.5 - https:\/\/yoast.com\/product\/yoast-seo-wordpress\/ -->\n<title>RESTAURANTE - Ca Vidal<\/title>\n<meta name=\"robots\" content=\"index, follow, max-snippet:-1, max-image-preview:large, max-video-preview:-1\" \/>\n<link rel=\"canonical\" href=\"https:\/\/cavidal.cat\/es\/restaurante\/\" \/>\n<meta property=\"og:locale\" content=\"es_ES\" \/>\n<meta property=\"og:type\" content=\"article\" \/>\n<meta property=\"og:title\" content=\"RESTAURANTE - Ca Vidal\" \/>\n<meta property=\"og:url\" content=\"https:\/\/cavidal.cat\/es\/restaurante\/\" \/>\n<meta property=\"og:site_name\" content=\"Ca Vidal\" \/>\n<meta property=\"article:publisher\" content=\"https:\/\/www.facebook.com\/restaurantcavidal\" \/>\n<meta property=\"article:modified_time\" content=\"2026-02-21T05:27:24+00:00\" \/>\n<meta property=\"og:image\" content=\"https:\/\/cavidal.cat\/wp-content\/uploads\/2023\/08\/logo1-original.png\" \/>\n\t<meta property=\"og:image:width\" content=\"1000\" \/>\n\t<meta property=\"og:image:height\" content=\"329\" \/>\n\t<meta property=\"og:image:type\" content=\"image\/png\" \/>\n<meta name=\"twitter:card\" content=\"summary_large_image\" \/>\n<meta name=\"twitter:label1\" content=\"Tiempo de lectura\" \/>\n\t<meta name=\"twitter:data1\" content=\"4 minutos\" \/>\n<script type=\"application\/ld+json\" class=\"yoast-schema-graph\">{\"@context\":\"https:\\\/\\\/schema.org\",\"@graph\":[{\"@type\":\"WebPage\",\"@id\":\"https:\\\/\\\/cavidal.cat\\\/es\\\/restaurante\\\/\",\"url\":\"https:\\\/\\\/cavidal.cat\\\/es\\\/restaurante\\\/\",\"name\":\"RESTAURANTE - Ca Vidal\",\"isPartOf\":{\"@id\":\"https:\\\/\\\/cavidal.cat\\\/es\\\/#website\"},\"primaryImageOfPage\":{\"@id\":\"https:\\\/\\\/cavidal.cat\\\/es\\\/restaurante\\\/#primaryimage\"},\"image\":{\"@id\":\"https:\\\/\\\/cavidal.cat\\\/es\\\/restaurante\\\/#primaryimage\"},\"thumbnailUrl\":\"https:\\\/\\\/cavidal.cat\\\/wp-content\\\/uploads\\\/2023\\\/08\\\/logo1-original.png\",\"datePublished\":\"2020-05-12T13:24:19+00:00\",\"dateModified\":\"2026-02-21T05:27:24+00:00\",\"breadcrumb\":{\"@id\":\"https:\\\/\\\/cavidal.cat\\\/es\\\/restaurante\\\/#breadcrumb\"},\"inLanguage\":\"es\",\"potentialAction\":[{\"@type\":\"ReadAction\",\"target\":[\"https:\\\/\\\/cavidal.cat\\\/es\\\/restaurante\\\/\"]}]},{\"@type\":\"ImageObject\",\"inLanguage\":\"es\",\"@id\":\"https:\\\/\\\/cavidal.cat\\\/es\\\/restaurante\\\/#primaryimage\",\"url\":\"https:\\\/\\\/cavidal.cat\\\/wp-content\\\/uploads\\\/2023\\\/08\\\/logo1-original.png\",\"contentUrl\":\"https:\\\/\\\/cavidal.cat\\\/wp-content\\\/uploads\\\/2023\\\/08\\\/logo1-original.png\"},{\"@type\":\"BreadcrumbList\",\"@id\":\"https:\\\/\\\/cavidal.cat\\\/es\\\/restaurante\\\/#breadcrumb\",\"itemListElement\":[{\"@type\":\"ListItem\",\"position\":1,\"name\":\"Portada\",\"item\":\"https:\\\/\\\/cavidal.cat\\\/es\\\/\"},{\"@type\":\"ListItem\",\"position\":2,\"name\":\"RESTAURANTE\"}]},{\"@type\":\"WebSite\",\"@id\":\"https:\\\/\\\/cavidal.cat\\\/es\\\/#website\",\"url\":\"https:\\\/\\\/cavidal.cat\\\/es\\\/\",\"name\":\"Ca Vidal\",\"description\":\"Restaurant Ca Vidal a Perafort, Tarragona: gaudeix de la millor cuina mediterr\u00e0nia i catalana en una masia hist\u00f2rica de 1777. Especialistes en cal\u00e7otades tradicionals, dinars de grup i celebracions, oferim una experi\u00e8ncia gastron\u00f2mica aut\u00e8ntica al cor del Camp de Tarragona. El lloc ideal per viure una cal\u00e7otada o organitzar esdeveniments en un entorn rural amb encant, a pocs minuts de Tarragona ciutat.\",\"publisher\":{\"@id\":\"https:\\\/\\\/cavidal.cat\\\/es\\\/#organization\"},\"potentialAction\":[{\"@type\":\"SearchAction\",\"target\":{\"@type\":\"EntryPoint\",\"urlTemplate\":\"https:\\\/\\\/cavidal.cat\\\/es\\\/?s={search_term_string}\"},\"query-input\":{\"@type\":\"PropertyValueSpecification\",\"valueRequired\":true,\"valueName\":\"search_term_string\"}}],\"inLanguage\":\"es\"},{\"@type\":\"Organization\",\"@id\":\"https:\\\/\\\/cavidal.cat\\\/es\\\/#organization\",\"name\":\"Ca Vidal\",\"url\":\"https:\\\/\\\/cavidal.cat\\\/es\\\/\",\"logo\":{\"@type\":\"ImageObject\",\"inLanguage\":\"es\",\"@id\":\"https:\\\/\\\/cavidal.cat\\\/es\\\/#\\\/schema\\\/logo\\\/image\\\/\",\"url\":\"https:\\\/\\\/cavidal.cat\\\/wp-content\\\/uploads\\\/2023\\\/08\\\/logo1-original.png\",\"contentUrl\":\"https:\\\/\\\/cavidal.cat\\\/wp-content\\\/uploads\\\/2023\\\/08\\\/logo1-original.png\",\"width\":1000,\"height\":329,\"caption\":\"Ca Vidal\"},\"image\":{\"@id\":\"https:\\\/\\\/cavidal.cat\\\/es\\\/#\\\/schema\\\/logo\\\/image\\\/\"},\"sameAs\":[\"https:\\\/\\\/www.facebook.com\\\/restaurantcavidal\",\"https:\\\/\\\/www.instagram.com\\\/restaurantcavidal\"]}]}<\/script>\n<!-- \/ Yoast SEO plugin. -->","yoast_head_json":{"title":"RESTAURANTE - Ca Vidal","robots":{"index":"index","follow":"follow","max-snippet":"max-snippet:-1","max-image-preview":"max-image-preview:large","max-video-preview":"max-video-preview:-1"},"canonical":"https:\/\/cavidal.cat\/es\/restaurante\/","og_locale":"es_ES","og_type":"article","og_title":"RESTAURANTE - Ca Vidal","og_url":"https:\/\/cavidal.cat\/es\/restaurante\/","og_site_name":"Ca Vidal","article_publisher":"https:\/\/www.facebook.com\/restaurantcavidal","article_modified_time":"2026-02-21T05:27:24+00:00","og_image":[{"width":1000,"height":329,"url":"https:\/\/cavidal.cat\/wp-content\/uploads\/2023\/08\/logo1-original.png","type":"image\/png"}],"twitter_card":"summary_large_image","twitter_misc":{"Tiempo de lectura":"4 minutos"},"schema":{"@context":"https:\/\/schema.org","@graph":[{"@type":"WebPage","@id":"https:\/\/cavidal.cat\/es\/restaurante\/","url":"https:\/\/cavidal.cat\/es\/restaurante\/","name":"RESTAURANTE - Ca Vidal","isPartOf":{"@id":"https:\/\/cavidal.cat\/es\/#website"},"primaryImageOfPage":{"@id":"https:\/\/cavidal.cat\/es\/restaurante\/#primaryimage"},"image":{"@id":"https:\/\/cavidal.cat\/es\/restaurante\/#primaryimage"},"thumbnailUrl":"https:\/\/cavidal.cat\/wp-content\/uploads\/2023\/08\/logo1-original.png","datePublished":"2020-05-12T13:24:19+00:00","dateModified":"2026-02-21T05:27:24+00:00","breadcrumb":{"@id":"https:\/\/cavidal.cat\/es\/restaurante\/#breadcrumb"},"inLanguage":"es","potentialAction":[{"@type":"ReadAction","target":["https:\/\/cavidal.cat\/es\/restaurante\/"]}]},{"@type":"ImageObject","inLanguage":"es","@id":"https:\/\/cavidal.cat\/es\/restaurante\/#primaryimage","url":"https:\/\/cavidal.cat\/wp-content\/uploads\/2023\/08\/logo1-original.png","contentUrl":"https:\/\/cavidal.cat\/wp-content\/uploads\/2023\/08\/logo1-original.png"},{"@type":"BreadcrumbList","@id":"https:\/\/cavidal.cat\/es\/restaurante\/#breadcrumb","itemListElement":[{"@type":"ListItem","position":1,"name":"Portada","item":"https:\/\/cavidal.cat\/es\/"},{"@type":"ListItem","position":2,"name":"RESTAURANTE"}]},{"@type":"WebSite","@id":"https:\/\/cavidal.cat\/es\/#website","url":"https:\/\/cavidal.cat\/es\/","name":"Ca Vidal","description":"Restaurant Ca Vidal a Perafort, Tarragona: gaudeix de la millor cuina mediterr\u00e0nia i catalana en una masia hist\u00f2rica de 1777. Especialistes en cal\u00e7otades tradicionals, dinars de grup i celebracions, oferim una experi\u00e8ncia gastron\u00f2mica aut\u00e8ntica al cor del Camp de Tarragona. El lloc ideal per viure una cal\u00e7otada o organitzar esdeveniments en un entorn rural amb encant, a pocs minuts de Tarragona ciutat.","publisher":{"@id":"https:\/\/cavidal.cat\/es\/#organization"},"potentialAction":[{"@type":"SearchAction","target":{"@type":"EntryPoint","urlTemplate":"https:\/\/cavidal.cat\/es\/?s={search_term_string}"},"query-input":{"@type":"PropertyValueSpecification","valueRequired":true,"valueName":"search_term_string"}}],"inLanguage":"es"},{"@type":"Organization","@id":"https:\/\/cavidal.cat\/es\/#organization","name":"Ca Vidal","url":"https:\/\/cavidal.cat\/es\/","logo":{"@type":"ImageObject","inLanguage":"es","@id":"https:\/\/cavidal.cat\/es\/#\/schema\/logo\/image\/","url":"https:\/\/cavidal.cat\/wp-content\/uploads\/2023\/08\/logo1-original.png","contentUrl":"https:\/\/cavidal.cat\/wp-content\/uploads\/2023\/08\/logo1-original.png","width":1000,"height":329,"caption":"Ca Vidal"},"image":{"@id":"https:\/\/cavidal.cat\/es\/#\/schema\/logo\/image\/"},"sameAs":["https:\/\/www.facebook.com\/restaurantcavidal","https:\/\/www.instagram.com\/restaurantcavidal"]}]}},"_links":{"self":[{"href":"https:\/\/cavidal.cat\/es\/wp-json\/wp\/v2\/pages\/223","targetHints":{"allow":["GET"]}}],"collection":[{"href":"https:\/\/cavidal.cat\/es\/wp-json\/wp\/v2\/pages"}],"about":[{"href":"https:\/\/cavidal.cat\/es\/wp-json\/wp\/v2\/types\/page"}],"author":[{"embeddable":true,"href":"https:\/\/cavidal.cat\/es\/wp-json\/wp\/v2\/users\/1"}],"replies":[{"embeddable":true,"href":"https:\/\/cavidal.cat\/es\/wp-json\/wp\/v2\/comments?post=223"}],"version-history":[{"count":2,"href":"https:\/\/cavidal.cat\/es\/wp-json\/wp\/v2\/pages\/223\/revisions"}],"predecessor-version":[{"id":1752,"href":"https:\/\/cavidal.cat\/es\/wp-json\/wp\/v2\/pages\/223\/revisions\/1752"}],"wp:attachment":[{"href":"https:\/\/cavidal.cat\/es\/wp-json\/wp\/v2\/media?parent=223"}],"curies":[{"name":"wp","href":"https:\/\/api.w.org\/{rel}","templated":true}]}}