{"id":289,"date":"2020-05-29T12:58:17","date_gmt":"2020-05-29T12:58:17","guid":{"rendered":"https:\/\/agenciabrandon.com\/CAVIDAL\/?page_id=289"},"modified":"2026-02-21T05:26:56","modified_gmt":"2026-02-21T05:26:56","slug":"eventos","status":"publish","type":"page","link":"https:\/\/cavidal.cat\/es\/eventos\/","title":{"rendered":"EVENTOS"},"content":{"rendered":"\n<div class=\"wp-block-cover has-parallax has-ast-global-color-5-color has-text-color has-link-color wp-elements-7074c92c549125e02ce3a5c85dcfcc12\"><div class=\"wp-block-cover__image-background wp-image-413 has-parallax\" style=\"background-position:50% 50%;background-image:url(https:\/\/cavidal.cat\/wp-content\/uploads\/2020\/06\/bego14.jpg)\"><\/div><span aria-hidden=\"true\" class=\"wp-block-cover__background has-ast-global-color-1-background-color has-background-dim-90 has-background-dim\"><\/span><div class=\"wp-block-cover__inner-container is-layout-flow wp-block-cover-is-layout-flow\">\n<h3 class=\"wp-block-heading has-text-align-center has-ast-global-color-5-color has-text-color has-link-color wp-elements-9299b021b239fb886f51616ee406970a\" style=\"font-size:26px\">UN ESPACIO \u00daNICO EN UN ENTORNO INCOMPARABLE EN TARRAGONA<\/h3>\n\n\n\n<figure class=\"wp-block-image aligncenter size-full is-resized\"><img loading=\"lazy\" decoding=\"async\" width=\"203\" height=\"44\" src=\"https:\/\/cavidal.cat\/wp-content\/uploads\/2026\/02\/arriba.png\" alt=\"\" class=\"wp-image-1638\" style=\"width:153px;height:auto\"\/><\/figure>\n\n\n<p class=\"has-text-align-center\">Ca Vidal le ofrece celebrar sus eventos en nuestra hist\u00f3rica mas\u00eda catalana, un entorno privilegiado y una experiencia inolvidable.<\/p>\n<\/div><\/div>\n\n<div class=\"wp-block-media-text alignfull is-stacked-on-mobile\"><figure class=\"wp-block-media-text__media\"><img loading=\"lazy\" decoding=\"async\" width=\"600\" height=\"600\" src=\"https:\/\/cavidal.cat\/wp-content\/uploads\/2020\/06\/68949857_658468201228281_7151621246434957338_n.jpg\" alt=\"\" class=\"wp-image-473 size-full\" srcset=\"https:\/\/cavidal.cat\/wp-content\/uploads\/2020\/06\/68949857_658468201228281_7151621246434957338_n.jpg 600w, https:\/\/cavidal.cat\/wp-content\/uploads\/2020\/06\/68949857_658468201228281_7151621246434957338_n-300x300.jpg 300w, https:\/\/cavidal.cat\/wp-content\/uploads\/2020\/06\/68949857_658468201228281_7151621246434957338_n-150x150.jpg 150w, https:\/\/cavidal.cat\/wp-content\/uploads\/2020\/06\/68949857_658468201228281_7151621246434957338_n-200x200.jpg 200w, https:\/\/cavidal.cat\/wp-content\/uploads\/2020\/06\/68949857_658468201228281_7151621246434957338_n-500x500.jpg 500w, https:\/\/cavidal.cat\/wp-content\/uploads\/2020\/06\/68949857_658468201228281_7151621246434957338_n-275x275.jpg 275w\" sizes=\"auto, (max-width: 600px) 100vw, 600px\" \/><\/figure><div class=\"wp-block-media-text__content\">\n<h2 class=\"wp-block-heading has-text-align-center has-large-font-size\">Celebraci\u00f3n de banquetes de boda<\/h2>\n\n\n\n<figure class=\"wp-block-image aligncenter size-full\"><img loading=\"lazy\" decoding=\"async\" width=\"203\" height=\"44\" src=\"https:\/\/cavidal.cat\/wp-content\/uploads\/2026\/02\/arriba.png\" alt=\"\" class=\"wp-image-1638\"\/><\/figure>\n\n\n<p class=\"has-text-align-center\">Celebre su banquete de boda en un entorno id\u00edlico, con una atenci\u00f3n personalizada y una comida a la altura de sus expectativas.<\/p>\n\n\n\n<div class=\"wp-block-buttons is-content-justification-center is-layout-flex wp-container-core-buttons-is-layout-a89b3969 wp-block-buttons-is-layout-flex\">\n<div class=\"wp-block-button\"><a class=\"wp-block-button__link has-ast-global-color-1-background-color has-text-color has-background wp-element-button\" href=\"tel:  977 62 52 93\" style=\"color:#ffffff\"><strong>LL\u00c1MENOS<\/strong><\/a><\/div>\n<\/div>\n<\/div><\/div>\n\n<div class=\"wp-block-media-text alignfull is-stacked-on-mobile has-ast-global-color-2-background-color has-background\"><figure class=\"wp-block-media-text__media\"><img loading=\"lazy\" decoding=\"async\" width=\"589\" height=\"588\" src=\"https:\/\/cavidal.cat\/wp-content\/uploads\/2020\/06\/Captura-de-pantalla-2020-03-23-a-las-18.42.38.png\" alt=\"\" class=\"wp-image-418 size-full\" srcset=\"https:\/\/cavidal.cat\/wp-content\/uploads\/2020\/06\/Captura-de-pantalla-2020-03-23-a-las-18.42.38.png 589w, https:\/\/cavidal.cat\/wp-content\/uploads\/2020\/06\/Captura-de-pantalla-2020-03-23-a-las-18.42.38-300x300.png 300w, https:\/\/cavidal.cat\/wp-content\/uploads\/2020\/06\/Captura-de-pantalla-2020-03-23-a-las-18.42.38-150x150.png 150w, https:\/\/cavidal.cat\/wp-content\/uploads\/2020\/06\/Captura-de-pantalla-2020-03-23-a-las-18.42.38-200x200.png 200w, https:\/\/cavidal.cat\/wp-content\/uploads\/2020\/06\/Captura-de-pantalla-2020-03-23-a-las-18.42.38-500x500.png 500w, https:\/\/cavidal.cat\/wp-content\/uploads\/2020\/06\/Captura-de-pantalla-2020-03-23-a-las-18.42.38-275x275.png 275w\" sizes=\"auto, (max-width: 589px) 100vw, 589px\" \/><\/figure><div class=\"wp-block-media-text__content\">\n<h2 class=\"wp-block-heading has-text-align-center has-ast-global-color-5-color has-text-color has-link-color has-large-font-size wp-elements-d93088b8587152440a2fd4aa24819b4f\">Fiestas privadas, reuniones o eventos<\/h2>\n\n\n\n<figure class=\"wp-block-image aligncenter size-full\"><img loading=\"lazy\" decoding=\"async\" width=\"203\" height=\"44\" src=\"https:\/\/cavidal.cat\/wp-content\/uploads\/2026\/02\/arriba.png\" alt=\"\" class=\"wp-image-1638\"\/><\/figure>\n\n\n<p><\/p>\n\n\n\n<p class=\"has-text-align-center has-ast-global-color-5-color has-text-color has-link-color wp-elements-687563b2f1a1a784af0e7f74db11ce8c\">En Ca Vidal disponemos de diferentes espacios \u00f3ptimos para la celebraci\u00f3n de todo tipo de eventos, los cuales podemos personalizar a medida seg\u00fan sus preferencias.<\/p>\n\n\n\n<div class=\"wp-block-buttons is-content-justification-center is-layout-flex wp-container-core-buttons-is-layout-a89b3969 wp-block-buttons-is-layout-flex\">\n<div class=\"wp-block-button\"><a class=\"wp-block-button__link has-ast-global-color-1-background-color has-text-color has-background wp-element-button\" href=\"tel:  977 62 52 93\" style=\"color:#ffffff\"><strong>LL\u00c1MENOS<\/strong><\/a><\/div>\n<\/div>\n<\/div><\/div>\n\n<figure class=\"wp-block-gallery has-nested-images columns-4 is-cropped wp-block-gallery-1 is-layout-flex wp-block-gallery-is-layout-flex\">\n<figure class=\"wp-block-image size-large\"><img loading=\"lazy\" decoding=\"async\" width=\"600\" height=\"600\" data-id=\"675\" src=\"https:\/\/cavidal.cat\/wp-content\/uploads\/2020\/10\/esmorzarsforquilla.jpg\" alt=\"\" class=\"wp-image-675\" srcset=\"https:\/\/cavidal.cat\/wp-content\/uploads\/2020\/10\/esmorzarsforquilla.jpg 600w, https:\/\/cavidal.cat\/wp-content\/uploads\/2020\/10\/esmorzarsforquilla-300x300.jpg 300w, https:\/\/cavidal.cat\/wp-content\/uploads\/2020\/10\/esmorzarsforquilla-150x150.jpg 150w, https:\/\/cavidal.cat\/wp-content\/uploads\/2020\/10\/esmorzarsforquilla-200x200.jpg 200w, https:\/\/cavidal.cat\/wp-content\/uploads\/2020\/10\/esmorzarsforquilla-500x500.jpg 500w, https:\/\/cavidal.cat\/wp-content\/uploads\/2020\/10\/esmorzarsforquilla-275x275.jpg 275w\" sizes=\"auto, (max-width: 600px) 100vw, 600px\" \/><\/figure>\n\n\n<figure class=\"wp-block-image size-large\"><img loading=\"lazy\" decoding=\"async\" width=\"600\" height=\"600\" data-id=\"473\" src=\"https:\/\/cavidal.cat\/wp-content\/uploads\/2020\/06\/68949857_658468201228281_7151621246434957338_n.jpg\" alt=\"\" class=\"wp-image-473\" srcset=\"https:\/\/cavidal.cat\/wp-content\/uploads\/2020\/06\/68949857_658468201228281_7151621246434957338_n.jpg 600w, https:\/\/cavidal.cat\/wp-content\/uploads\/2020\/06\/68949857_658468201228281_7151621246434957338_n-300x300.jpg 300w, https:\/\/cavidal.cat\/wp-content\/uploads\/2020\/06\/68949857_658468201228281_7151621246434957338_n-150x150.jpg 150w, https:\/\/cavidal.cat\/wp-content\/uploads\/2020\/06\/68949857_658468201228281_7151621246434957338_n-200x200.jpg 200w, https:\/\/cavidal.cat\/wp-content\/uploads\/2020\/06\/68949857_658468201228281_7151621246434957338_n-500x500.jpg 500w, https:\/\/cavidal.cat\/wp-content\/uploads\/2020\/06\/68949857_658468201228281_7151621246434957338_n-275x275.jpg 275w\" sizes=\"auto, (max-width: 600px) 100vw, 600px\" \/><\/figure>\n\n\n<figure class=\"wp-block-image size-large\"><img loading=\"lazy\" decoding=\"async\" width=\"1024\" height=\"1024\" data-id=\"472\" src=\"https:\/\/cavidal.cat\/wp-content\/uploads\/2020\/06\/69856400_893327614387642_8189365735108501539_n-1024x1024.jpg\" alt=\"\" class=\"wp-image-472\" srcset=\"https:\/\/cavidal.cat\/wp-content\/uploads\/2020\/06\/69856400_893327614387642_8189365735108501539_n-1024x1024.jpg 1024w, https:\/\/cavidal.cat\/wp-content\/uploads\/2020\/06\/69856400_893327614387642_8189365735108501539_n-300x300.jpg 300w, https:\/\/cavidal.cat\/wp-content\/uploads\/2020\/06\/69856400_893327614387642_8189365735108501539_n-150x150.jpg 150w, https:\/\/cavidal.cat\/wp-content\/uploads\/2020\/06\/69856400_893327614387642_8189365735108501539_n-768x768.jpg 768w, https:\/\/cavidal.cat\/wp-content\/uploads\/2020\/06\/69856400_893327614387642_8189365735108501539_n-200x200.jpg 200w, https:\/\/cavidal.cat\/wp-content\/uploads\/2020\/06\/69856400_893327614387642_8189365735108501539_n-500x500.jpg 500w, https:\/\/cavidal.cat\/wp-content\/uploads\/2020\/06\/69856400_893327614387642_8189365735108501539_n-275x275.jpg 275w, https:\/\/cavidal.cat\/wp-content\/uploads\/2020\/06\/69856400_893327614387642_8189365735108501539_n.jpg 600w\" sizes=\"auto, (max-width: 1024px) 100vw, 1024px\" \/><\/figure>\n\n\n<figure class=\"wp-block-image size-large\"><img loading=\"lazy\" decoding=\"async\" width=\"600\" height=\"600\" data-id=\"474\" src=\"https:\/\/cavidal.cat\/wp-content\/uploads\/2020\/06\/67172832_161725784946686_4974504572926306469_n.jpg\" alt=\"\" class=\"wp-image-474\" srcset=\"https:\/\/cavidal.cat\/wp-content\/uploads\/2020\/06\/67172832_161725784946686_4974504572926306469_n.jpg 600w, https:\/\/cavidal.cat\/wp-content\/uploads\/2020\/06\/67172832_161725784946686_4974504572926306469_n-300x300.jpg 300w, https:\/\/cavidal.cat\/wp-content\/uploads\/2020\/06\/67172832_161725784946686_4974504572926306469_n-150x150.jpg 150w, https:\/\/cavidal.cat\/wp-content\/uploads\/2020\/06\/67172832_161725784946686_4974504572926306469_n-200x200.jpg 200w, https:\/\/cavidal.cat\/wp-content\/uploads\/2020\/06\/67172832_161725784946686_4974504572926306469_n-500x500.jpg 500w, https:\/\/cavidal.cat\/wp-content\/uploads\/2020\/06\/67172832_161725784946686_4974504572926306469_n-275x275.jpg 275w\" sizes=\"auto, (max-width: 600px) 100vw, 600px\" \/><\/figure>\n\n\n<figure class=\"wp-block-image size-large\"><img loading=\"lazy\" decoding=\"async\" width=\"600\" height=\"600\" data-id=\"475\" src=\"https:\/\/cavidal.cat\/wp-content\/uploads\/2020\/06\/68682216_1287301361438304_631653085971215895_n.jpg\" alt=\"\" class=\"wp-image-475\" srcset=\"https:\/\/cavidal.cat\/wp-content\/uploads\/2020\/06\/68682216_1287301361438304_631653085971215895_n.jpg 600w, https:\/\/cavidal.cat\/wp-content\/uploads\/2020\/06\/68682216_1287301361438304_631653085971215895_n-300x300.jpg 300w, https:\/\/cavidal.cat\/wp-content\/uploads\/2020\/06\/68682216_1287301361438304_631653085971215895_n-150x150.jpg 150w, https:\/\/cavidal.cat\/wp-content\/uploads\/2020\/06\/68682216_1287301361438304_631653085971215895_n-200x200.jpg 200w, https:\/\/cavidal.cat\/wp-content\/uploads\/2020\/06\/68682216_1287301361438304_631653085971215895_n-500x500.jpg 500w, https:\/\/cavidal.cat\/wp-content\/uploads\/2020\/06\/68682216_1287301361438304_631653085971215895_n-275x275.jpg 275w\" sizes=\"auto, (max-width: 600px) 100vw, 600px\" \/><\/figure>\n\n\n<figure class=\"wp-block-image size-large\"><img loading=\"lazy\" decoding=\"async\" width=\"600\" height=\"600\" data-id=\"476\" src=\"https:\/\/cavidal.cat\/wp-content\/uploads\/2020\/06\/67436072_192439688446332_5187240727718850670_n.jpg\" alt=\"\" class=\"wp-image-476\" srcset=\"https:\/\/cavidal.cat\/wp-content\/uploads\/2020\/06\/67436072_192439688446332_5187240727718850670_n.jpg 600w, https:\/\/cavidal.cat\/wp-content\/uploads\/2020\/06\/67436072_192439688446332_5187240727718850670_n-300x300.jpg 300w, https:\/\/cavidal.cat\/wp-content\/uploads\/2020\/06\/67436072_192439688446332_5187240727718850670_n-150x150.jpg 150w, https:\/\/cavidal.cat\/wp-content\/uploads\/2020\/06\/67436072_192439688446332_5187240727718850670_n-200x200.jpg 200w, https:\/\/cavidal.cat\/wp-content\/uploads\/2020\/06\/67436072_192439688446332_5187240727718850670_n-500x500.jpg 500w, https:\/\/cavidal.cat\/wp-content\/uploads\/2020\/06\/67436072_192439688446332_5187240727718850670_n-275x275.jpg 275w\" sizes=\"auto, (max-width: 600px) 100vw, 600px\" \/><\/figure>\n\n\n<figure class=\"wp-block-image size-large\"><img loading=\"lazy\" decoding=\"async\" width=\"600\" height=\"600\" data-id=\"477\" src=\"https:\/\/cavidal.cat\/wp-content\/uploads\/2020\/06\/99126781_175310417269783_7302474015467036412_n.jpg\" alt=\"\" class=\"wp-image-477\" srcset=\"https:\/\/cavidal.cat\/wp-content\/uploads\/2020\/06\/99126781_175310417269783_7302474015467036412_n.jpg 600w, https:\/\/cavidal.cat\/wp-content\/uploads\/2020\/06\/99126781_175310417269783_7302474015467036412_n-300x300.jpg 300w, https:\/\/cavidal.cat\/wp-content\/uploads\/2020\/06\/99126781_175310417269783_7302474015467036412_n-150x150.jpg 150w, https:\/\/cavidal.cat\/wp-content\/uploads\/2020\/06\/99126781_175310417269783_7302474015467036412_n-200x200.jpg 200w, https:\/\/cavidal.cat\/wp-content\/uploads\/2020\/06\/99126781_175310417269783_7302474015467036412_n-500x500.jpg 500w, https:\/\/cavidal.cat\/wp-content\/uploads\/2020\/06\/99126781_175310417269783_7302474015467036412_n-275x275.jpg 275w\" sizes=\"auto, (max-width: 600px) 100vw, 600px\" \/><\/figure>\n\n\n<figure class=\"wp-block-image size-large\"><img loading=\"lazy\" decoding=\"async\" width=\"600\" height=\"600\" data-id=\"471\" src=\"https:\/\/cavidal.cat\/wp-content\/uploads\/2020\/06\/69897969_388242845226573_5435151958810057366_n.jpg\" alt=\"\" class=\"wp-image-471\" srcset=\"https:\/\/cavidal.cat\/wp-content\/uploads\/2020\/06\/69897969_388242845226573_5435151958810057366_n.jpg 600w, https:\/\/cavidal.cat\/wp-content\/uploads\/2020\/06\/69897969_388242845226573_5435151958810057366_n-300x300.jpg 300w, https:\/\/cavidal.cat\/wp-content\/uploads\/2020\/06\/69897969_388242845226573_5435151958810057366_n-150x150.jpg 150w, https:\/\/cavidal.cat\/wp-content\/uploads\/2020\/06\/69897969_388242845226573_5435151958810057366_n-200x200.jpg 200w, https:\/\/cavidal.cat\/wp-content\/uploads\/2020\/06\/69897969_388242845226573_5435151958810057366_n-500x500.jpg 500w, https:\/\/cavidal.cat\/wp-content\/uploads\/2020\/06\/69897969_388242845226573_5435151958810057366_n-275x275.jpg 275w\" sizes=\"auto, (max-width: 600px) 100vw, 600px\" \/><\/figure><\/figure>\n","protected":false},"excerpt":{"rendered":"","protected":false},"author":1,"featured_media":0,"parent":0,"menu_order":0,"comment_status":"closed","ping_status":"closed","template":"","meta":{"site-sidebar-layout":"default","site-content-layout":"","ast-site-content-layout":"default","site-content-style":"default","site-sidebar-style":"default","ast-global-header-display":"","ast-banner-title-visibility":"","ast-main-header-display":"","ast-hfb-above-header-display":"","ast-hfb-below-header-display":"","ast-hfb-mobile-header-display":"","site-post-title":"","ast-breadcrumbs-content":"","ast-featured-img":"","footer-sml-layout":"","ast-disable-related-posts":"","theme-transparent-header-meta":"","adv-header-id-meta":"","stick-header-meta":"","header-above-stick-meta":"","header-main-stick-meta":"","header-below-stick-meta":"","astra-migrate-meta-layouts":"default","ast-page-background-enabled":"default","ast-page-background-meta":{"desktop":{"background-color":"var(--ast-global-color-4)","background-image":"","background-repeat":"repeat","background-position":"center center","background-size":"auto","background-attachment":"scroll","background-type":"","background-media":"","overlay-type":"","overlay-color":"","overlay-opacity":"","overlay-gradient":""},"tablet":{"background-color":"","background-image":"","background-repeat":"repeat","background-position":"center center","background-size":"auto","background-attachment":"scroll","background-type":"","background-media":"","overlay-type":"","overlay-color":"","overlay-opacity":"","overlay-gradient":""},"mobile":{"background-color":"","background-image":"","background-repeat":"repeat","background-position":"center center","background-size":"auto","background-attachment":"scroll","background-type":"","background-media":"","overlay-type":"","overlay-color":"","overlay-opacity":"","overlay-gradient":""}},"ast-content-background-meta":{"desktop":{"background-color":"var(--ast-global-color-5)","background-image":"","background-repeat":"repeat","background-position":"center center","background-size":"auto","background-attachment":"scroll","background-type":"","background-media":"","overlay-type":"","overlay-color":"","overlay-opacity":"","overlay-gradient":""},"tablet":{"background-color":"var(--ast-global-color-5)","background-image":"","background-repeat":"repeat","background-position":"center center","background-size":"auto","background-attachment":"scroll","background-type":"","background-media":"","overlay-type":"","overlay-color":"","overlay-opacity":"","overlay-gradient":""},"mobile":{"background-color":"var(--ast-global-color-5)","background-image":"","background-repeat":"repeat","background-position":"center center","background-size":"auto","background-attachment":"scroll","background-type":"","background-media":"","overlay-type":"","overlay-color":"","overlay-opacity":"","overlay-gradient":""}},"footnotes":""},"class_list":["post-289","page","type-page","status-publish","hentry"],"yoast_head":"<!-- This site is optimized with the Yoast SEO plugin v27.4 - https:\/\/yoast.com\/product\/yoast-seo-wordpress\/ -->\n<title>EVENTOS - Ca Vidal<\/title>\n<meta name=\"robots\" content=\"index, follow, max-snippet:-1, max-image-preview:large, max-video-preview:-1\" \/>\n<link rel=\"canonical\" href=\"https:\/\/cavidal.cat\/es\/eventos\/\" \/>\n<meta property=\"og:locale\" content=\"es_ES\" \/>\n<meta property=\"og:type\" content=\"article\" \/>\n<meta property=\"og:title\" content=\"EVENTOS - Ca Vidal\" \/>\n<meta property=\"og:url\" content=\"https:\/\/cavidal.cat\/es\/eventos\/\" \/>\n<meta property=\"og:site_name\" content=\"Ca Vidal\" \/>\n<meta property=\"article:publisher\" content=\"https:\/\/www.facebook.com\/restaurantcavidal\" \/>\n<meta property=\"article:modified_time\" content=\"2026-02-21T05:26:56+00:00\" \/>\n<meta property=\"og:image\" content=\"https:\/\/cavidal.cat\/wp-content\/uploads\/2026\/02\/arriba.png\" \/>\n\t<meta property=\"og:image:width\" content=\"203\" \/>\n\t<meta property=\"og:image:height\" content=\"44\" \/>\n\t<meta property=\"og:image:type\" content=\"image\/png\" \/>\n<meta name=\"twitter:card\" content=\"summary_large_image\" \/>\n<meta name=\"twitter:label1\" content=\"Tiempo de lectura\" \/>\n\t<meta name=\"twitter:data1\" content=\"3 minutos\" \/>\n<script type=\"application\/ld+json\" class=\"yoast-schema-graph\">{\"@context\":\"https:\\\/\\\/schema.org\",\"@graph\":[{\"@type\":\"WebPage\",\"@id\":\"https:\\\/\\\/cavidal.cat\\\/es\\\/eventos\\\/\",\"url\":\"https:\\\/\\\/cavidal.cat\\\/es\\\/eventos\\\/\",\"name\":\"EVENTOS - Ca Vidal\",\"isPartOf\":{\"@id\":\"https:\\\/\\\/cavidal.cat\\\/es\\\/#website\"},\"primaryImageOfPage\":{\"@id\":\"https:\\\/\\\/cavidal.cat\\\/es\\\/eventos\\\/#primaryimage\"},\"image\":{\"@id\":\"https:\\\/\\\/cavidal.cat\\\/es\\\/eventos\\\/#primaryimage\"},\"thumbnailUrl\":\"https:\\\/\\\/cavidal.cat\\\/wp-content\\\/uploads\\\/2026\\\/02\\\/arriba.png\",\"datePublished\":\"2020-05-29T12:58:17+00:00\",\"dateModified\":\"2026-02-21T05:26:56+00:00\",\"breadcrumb\":{\"@id\":\"https:\\\/\\\/cavidal.cat\\\/es\\\/eventos\\\/#breadcrumb\"},\"inLanguage\":\"es\",\"potentialAction\":[{\"@type\":\"ReadAction\",\"target\":[\"https:\\\/\\\/cavidal.cat\\\/es\\\/eventos\\\/\"]}]},{\"@type\":\"ImageObject\",\"inLanguage\":\"es\",\"@id\":\"https:\\\/\\\/cavidal.cat\\\/es\\\/eventos\\\/#primaryimage\",\"url\":\"https:\\\/\\\/cavidal.cat\\\/wp-content\\\/uploads\\\/2026\\\/02\\\/arriba.png\",\"contentUrl\":\"https:\\\/\\\/cavidal.cat\\\/wp-content\\\/uploads\\\/2026\\\/02\\\/arriba.png\"},{\"@type\":\"BreadcrumbList\",\"@id\":\"https:\\\/\\\/cavidal.cat\\\/es\\\/eventos\\\/#breadcrumb\",\"itemListElement\":[{\"@type\":\"ListItem\",\"position\":1,\"name\":\"Portada\",\"item\":\"https:\\\/\\\/cavidal.cat\\\/es\\\/\"},{\"@type\":\"ListItem\",\"position\":2,\"name\":\"EVENTOS\"}]},{\"@type\":\"WebSite\",\"@id\":\"https:\\\/\\\/cavidal.cat\\\/es\\\/#website\",\"url\":\"https:\\\/\\\/cavidal.cat\\\/es\\\/\",\"name\":\"Ca Vidal\",\"description\":\"Restaurant Ca Vidal a Perafort, Tarragona: gaudeix de la millor cuina mediterr\u00e0nia i catalana en una masia hist\u00f2rica de 1777. Especialistes en cal\u00e7otades tradicionals, dinars de grup i celebracions, oferim una experi\u00e8ncia gastron\u00f2mica aut\u00e8ntica al cor del Camp de Tarragona. El lloc ideal per viure una cal\u00e7otada o organitzar esdeveniments en un entorn rural amb encant, a pocs minuts de Tarragona ciutat.\",\"publisher\":{\"@id\":\"https:\\\/\\\/cavidal.cat\\\/es\\\/#organization\"},\"potentialAction\":[{\"@type\":\"SearchAction\",\"target\":{\"@type\":\"EntryPoint\",\"urlTemplate\":\"https:\\\/\\\/cavidal.cat\\\/es\\\/?s={search_term_string}\"},\"query-input\":{\"@type\":\"PropertyValueSpecification\",\"valueRequired\":true,\"valueName\":\"search_term_string\"}}],\"inLanguage\":\"es\"},{\"@type\":\"Organization\",\"@id\":\"https:\\\/\\\/cavidal.cat\\\/es\\\/#organization\",\"name\":\"Ca Vidal\",\"url\":\"https:\\\/\\\/cavidal.cat\\\/es\\\/\",\"logo\":{\"@type\":\"ImageObject\",\"inLanguage\":\"es\",\"@id\":\"https:\\\/\\\/cavidal.cat\\\/es\\\/#\\\/schema\\\/logo\\\/image\\\/\",\"url\":\"https:\\\/\\\/cavidal.cat\\\/wp-content\\\/uploads\\\/2023\\\/08\\\/logo1-original.png\",\"contentUrl\":\"https:\\\/\\\/cavidal.cat\\\/wp-content\\\/uploads\\\/2023\\\/08\\\/logo1-original.png\",\"width\":1000,\"height\":329,\"caption\":\"Ca Vidal\"},\"image\":{\"@id\":\"https:\\\/\\\/cavidal.cat\\\/es\\\/#\\\/schema\\\/logo\\\/image\\\/\"},\"sameAs\":[\"https:\\\/\\\/www.facebook.com\\\/restaurantcavidal\",\"https:\\\/\\\/www.instagram.com\\\/restaurantcavidal\"]}]}<\/script>\n<!-- \/ Yoast SEO plugin. -->","yoast_head_json":{"title":"EVENTOS - Ca Vidal","robots":{"index":"index","follow":"follow","max-snippet":"max-snippet:-1","max-image-preview":"max-image-preview:large","max-video-preview":"max-video-preview:-1"},"canonical":"https:\/\/cavidal.cat\/es\/eventos\/","og_locale":"es_ES","og_type":"article","og_title":"EVENTOS - Ca Vidal","og_url":"https:\/\/cavidal.cat\/es\/eventos\/","og_site_name":"Ca Vidal","article_publisher":"https:\/\/www.facebook.com\/restaurantcavidal","article_modified_time":"2026-02-21T05:26:56+00:00","og_image":[{"width":203,"height":44,"url":"https:\/\/cavidal.cat\/wp-content\/uploads\/2026\/02\/arriba.png","type":"image\/png"}],"twitter_card":"summary_large_image","twitter_misc":{"Tiempo de lectura":"3 minutos"},"schema":{"@context":"https:\/\/schema.org","@graph":[{"@type":"WebPage","@id":"https:\/\/cavidal.cat\/es\/eventos\/","url":"https:\/\/cavidal.cat\/es\/eventos\/","name":"EVENTOS - Ca Vidal","isPartOf":{"@id":"https:\/\/cavidal.cat\/es\/#website"},"primaryImageOfPage":{"@id":"https:\/\/cavidal.cat\/es\/eventos\/#primaryimage"},"image":{"@id":"https:\/\/cavidal.cat\/es\/eventos\/#primaryimage"},"thumbnailUrl":"https:\/\/cavidal.cat\/wp-content\/uploads\/2026\/02\/arriba.png","datePublished":"2020-05-29T12:58:17+00:00","dateModified":"2026-02-21T05:26:56+00:00","breadcrumb":{"@id":"https:\/\/cavidal.cat\/es\/eventos\/#breadcrumb"},"inLanguage":"es","potentialAction":[{"@type":"ReadAction","target":["https:\/\/cavidal.cat\/es\/eventos\/"]}]},{"@type":"ImageObject","inLanguage":"es","@id":"https:\/\/cavidal.cat\/es\/eventos\/#primaryimage","url":"https:\/\/cavidal.cat\/wp-content\/uploads\/2026\/02\/arriba.png","contentUrl":"https:\/\/cavidal.cat\/wp-content\/uploads\/2026\/02\/arriba.png"},{"@type":"BreadcrumbList","@id":"https:\/\/cavidal.cat\/es\/eventos\/#breadcrumb","itemListElement":[{"@type":"ListItem","position":1,"name":"Portada","item":"https:\/\/cavidal.cat\/es\/"},{"@type":"ListItem","position":2,"name":"EVENTOS"}]},{"@type":"WebSite","@id":"https:\/\/cavidal.cat\/es\/#website","url":"https:\/\/cavidal.cat\/es\/","name":"Ca Vidal","description":"Restaurant Ca Vidal a Perafort, Tarragona: gaudeix de la millor cuina mediterr\u00e0nia i catalana en una masia hist\u00f2rica de 1777. Especialistes en cal\u00e7otades tradicionals, dinars de grup i celebracions, oferim una experi\u00e8ncia gastron\u00f2mica aut\u00e8ntica al cor del Camp de Tarragona. El lloc ideal per viure una cal\u00e7otada o organitzar esdeveniments en un entorn rural amb encant, a pocs minuts de Tarragona ciutat.","publisher":{"@id":"https:\/\/cavidal.cat\/es\/#organization"},"potentialAction":[{"@type":"SearchAction","target":{"@type":"EntryPoint","urlTemplate":"https:\/\/cavidal.cat\/es\/?s={search_term_string}"},"query-input":{"@type":"PropertyValueSpecification","valueRequired":true,"valueName":"search_term_string"}}],"inLanguage":"es"},{"@type":"Organization","@id":"https:\/\/cavidal.cat\/es\/#organization","name":"Ca Vidal","url":"https:\/\/cavidal.cat\/es\/","logo":{"@type":"ImageObject","inLanguage":"es","@id":"https:\/\/cavidal.cat\/es\/#\/schema\/logo\/image\/","url":"https:\/\/cavidal.cat\/wp-content\/uploads\/2023\/08\/logo1-original.png","contentUrl":"https:\/\/cavidal.cat\/wp-content\/uploads\/2023\/08\/logo1-original.png","width":1000,"height":329,"caption":"Ca Vidal"},"image":{"@id":"https:\/\/cavidal.cat\/es\/#\/schema\/logo\/image\/"},"sameAs":["https:\/\/www.facebook.com\/restaurantcavidal","https:\/\/www.instagram.com\/restaurantcavidal"]}]}},"_links":{"self":[{"href":"https:\/\/cavidal.cat\/es\/wp-json\/wp\/v2\/pages\/289","targetHints":{"allow":["GET"]}}],"collection":[{"href":"https:\/\/cavidal.cat\/es\/wp-json\/wp\/v2\/pages"}],"about":[{"href":"https:\/\/cavidal.cat\/es\/wp-json\/wp\/v2\/types\/page"}],"author":[{"embeddable":true,"href":"https:\/\/cavidal.cat\/es\/wp-json\/wp\/v2\/users\/1"}],"replies":[{"embeddable":true,"href":"https:\/\/cavidal.cat\/es\/wp-json\/wp\/v2\/comments?post=289"}],"version-history":[{"count":3,"href":"https:\/\/cavidal.cat\/es\/wp-json\/wp\/v2\/pages\/289\/revisions"}],"predecessor-version":[{"id":1725,"href":"https:\/\/cavidal.cat\/es\/wp-json\/wp\/v2\/pages\/289\/revisions\/1725"}],"wp:attachment":[{"href":"https:\/\/cavidal.cat\/es\/wp-json\/wp\/v2\/media?parent=289"}],"curies":[{"name":"wp","href":"https:\/\/api.w.org\/{rel}","templated":true}]}}